{"id":567,"date":"2024-04-04T14:37:04","date_gmt":"2024-04-04T11:37:04","guid":{"rendered":"https:\/\/www.orjinalmuhendislik.com\/?page_id=567"},"modified":"2024-10-07T16:04:50","modified_gmt":"2024-10-07T13:04:50","slug":"misyon-vizyon","status":"publish","type":"page","link":"https:\/\/www.orjinalmuhendislik.com\/en\/kurumsal\/misyon-vizyon\/","title":{"rendered":"Mission &amp; Vision"},"content":{"rendered":"<img loading=\"lazy\" decoding=\"async\" src=\"https:\/\/www.orjinalmuhendislik.com\/wp-content\/uploads\/2024\/10\/hakkimizda-foto.webp\" alt=\"hakk\u0131m\u0131zda foto\" itemprop=\"image\" height=\"1000\" width=\"1000\" title=\"hakk\u0131m\u0131zda foto\" onerror=\"this.style.display='none'\"  \/>\n<h2>\n\t\tOur mission\n\t<\/h2>\n\t<p>M\u00fc\u015fteri memnuniyetini, \u00e7al\u0131\u015fanlar\u0131m\u0131z\u0131n mutlulu\u011funu, toplumsal sorumluluk anlay\u0131\u015f\u0131m\u0131z\u0131 hep \u00f6n planda tutan \u00e7al\u0131\u015fmalar\u0131m\u0131z sayesinde, rekabet eden de\u011fil, rekabet kurallar\u0131n\u0131 belirleyen bir \u015firket olmak. Pazarlama, sat\u0131\u015f ve sat\u0131\u015f sonras\u0131 s\u00fcre\u00e7lerde m\u00fc\u015fteri memnuniyetini sa\u011flamak ve kal\u0131c\u0131 dostlu\u011fa d\u00f6n\u00fc\u015ft\u00fcrerek, samimi, g\u00fcvenilir, profesyonel bir hizmet sunmak&#8230;<\/p>\n<h2>\n\t\tOur Vision\n\t<\/h2>\n\t<p>In the sector; To provide one hundred percent customer satisfaction as a well-known company with high-quality and timely service. To be a company that works efficiently, minimizes costs, considers the best interests of its customers, offers fast and competitive advantages with its experienced employees, meets the expectations of its customers, and is taken as an example by keeping the service quality high.\u00a0\u00a0<\/p>\n<h2>\n\t\tOur Corporate Principles\n\t<\/h2>\n\tTo market products that you can use with confidence in your installation and to maintain service by acting within the framework of respect for people.<i><br \/>\n<\/i><strong>EN \u0130Y\u0130 MARKALARI S\u0130ZLERE SUNUYORUZ&#8230;<\/strong>\n\t\t\t\t<img loading=\"lazy\" decoding=\"async\" src=\"https:\/\/www.orjinalmuhendislik.com\/wp-content\/uploads\/2024\/04\/logo-yan-transparent.png\" alt=\"logo yan transparent\" itemprop=\"image\" height=\"308\" width=\"800\" title=\"logo yan transparent\" onerror=\"this.style.display='none'\"  \/>\n\t<p>We accept quality as a standard, we commit to customer satisfaction in every project.<\/p>\n<h3>\n\t\tQuick Menu\n\t<\/h3>\n\t<nav aria-label=\"Main Men\u00fc 2\" itemscope=\"itemscope\" itemtype=\"https:\/\/schema.org\/SiteNavigationElement\">\n\t\t<ul id=\"menu-main-menu-2\"><li id=\"menu-item-811\"><a href=\"https:\/\/www.orjinalmuhendislik.com\/en\/\">Homepage<\/a><\/li><li id=\"menu-item-814\"><a href=\"https:\/\/www.orjinalmuhendislik.com\/en\/kurumsal\/\">Corporate<\/a><\/li><li id=\"menu-item-816\"><a href=\"https:\/\/www.orjinalmuhendislik.com\/en\/urunlerimiz\/\">Our Products<\/a><\/li><li id=\"menu-item-815\"><a href=\"https:\/\/www.orjinalmuhendislik.com\/en\/teknik-bilgiler\/\">Technical Information<\/a><\/li><li id=\"menu-item-813\"><a href=\"https:\/\/www.orjinalmuhendislik.com\/en\/iletisim\/\">Contact<\/a><\/li><\/ul>\n\t\t\t<\/nav>\n<h3>\n\t\tOur Products\n\t<\/h3>\n\t<nav aria-label=\"\u00dcr\u00fcnler\" itemscope=\"itemscope\" itemtype=\"https:\/\/schema.org\/SiteNavigationElement\">\n\t\t<ul id=\"menu-urunler\"><li id=\"menu-item-818\"><a href=\"https:\/\/www.orjinalmuhendislik.com\/en\/urunlerimiz\/vanalar\/\">VALVES<\/a><\/li><li id=\"menu-item-1332\"><a href=\"https:\/\/www.orjinalmuhendislik.com\/en\/urunlerimiz\/borular\/\">PIPES<\/a><\/li><li id=\"menu-item-1334\"><a href=\"https:\/\/www.orjinalmuhendislik.com\/en\/urunlerimiz\/esanjorler\/\">HEAT EXCHANGER<\/a><\/li><li id=\"menu-item-1336\"><a href=\"https:\/\/www.orjinalmuhendislik.com\/en\/urunlerimiz\/hortumlar\/\">FLEXIBLE METAL HOSES<\/a><\/li><li id=\"menu-item-1337\"><a href=\"https:\/\/www.orjinalmuhendislik.com\/en\/urunlerimiz\/kompansatorler\/\">EXPANSION JOINT<\/a><\/li><\/ul>\n\t\t\t<\/nav>\n\t<nav aria-label=\"footer di\u011fer \u00fcr\u00fcnler\" itemscope=\"itemscope\" itemtype=\"https:\/\/schema.org\/SiteNavigationElement\">\n\t\t<ul id=\"menu-footer-diger-urunler\"><li id=\"menu-item-1596\"><a href=\"https:\/\/www.orjinalmuhendislik.com\/en\/urunlerimiz\/kondenstoplar\/\">STEAM TRAPS<\/a><\/li><li id=\"menu-item-1597\"><a href=\"https:\/\/www.orjinalmuhendislik.com\/en\/urunlerimiz\/olcum-enstrumanlari\/\">MEASURING INSTRUMENTS<\/a><\/li><li id=\"menu-item-1598\"><a href=\"https:\/\/www.orjinalmuhendislik.com\/en\/urunlerimiz\/pompalar\/\">PUMPS<\/a><\/li><li id=\"menu-item-1599\"><a href=\"https:\/\/www.orjinalmuhendislik.com\/en\/urunlerimiz\/seviye-gostergeleri\/\">LEVEL CONTROL<\/a><\/li><li id=\"menu-item-1600\"><a href=\"https:\/\/www.orjinalmuhendislik.com\/en\/urunlerimiz\/vanalar\/\">VALVES<\/a><\/li><\/ul>\n\t\t\t<\/nav>\n<h3>\n\t\tContact\n\t<\/h3>\n\t\t<ul>\n\t\t\t\t\t<li>\n\t\t\t\t\n\t\t<p><a href=\"https:\/\/www.google.com.tr\/maps\/place\/Numune+Evler,+%C5%9Eaban+Ak%C4%B1n+U%C3%A7ar+Cd.+No:60,+31600+D%C3%B6rtyol%2FHatay\/@36.8277404,36.2084662,19.21z\/data=!4m5!3m4!1s0x152f3f7d5047a65f:0x8f155ca9b2e22fb0!8m2!3d36.8275025!4d36.2089566?hl=tr&amp;entry=ttu&amp;g_ep=EgoyMDI0MTAwMS4wIKXMDSoASAFQAw%3D%3D\">Numune Evler Mh. \u015eaban Ak\u0131n U\u00e7ar Cd. No: 60 D\u00f6rtyol\/HATAY<\/a><\/p>\t\t\t\n\t\t\t<\/li>\n\t\t\t\t<\/ul>\n\t\t<ul>\n\t\t\t\t\t<li>\n\t\t\t\t\n\t\t<p><a href=\"mailto:info@orjinalmuhendislik.com\">info@orjinalmuhendislik.com<\/a><\/p>\t\t\t\n\t\t\t<\/li>\n\t\t\t\t<\/ul>\n\t\t<ul>\n\t\t\t\t\t<li>\n\t\t\t\t\n\t\t<p><a href=\"tel: 90 326 712 44 44\">+90 326 712 44 44<\/a><\/p>\t\t\t\n\t\t\t<\/li>\n\t\t\t\t<\/ul>\n\t\t<ul>\n\t\t\t\t\t<li>\n\t\t\t\t\n\t\t<p><a href=\"http:\/\/+90 544 270 01 41\" data-wplink-url-error=\"true\">+90 544 270 01 41<\/a> <\/p>\t\t\t\n\t\t\t<\/li>\n\t\t\t\t<\/ul>\n\t<p>\u00a9 2024 <strong>Orjinal\u00a0M\u00fchendislik<\/strong> All Rights Reserved. | <a href=\"https:\/\/www.orjinalmuhendislik.com\/en\/gizlilik-politikasi\/\">Privacy Policy<\/a><\/p>\n\t<p>Web Design <a href=\"http:\/\/www.digitalkure.com\" target=\"_blank\" rel=\"noopener\"><strong>Digital K\u00fcre<\/strong><\/a><\/p>","protected":false},"excerpt":{"rendered":"<p>Misyonumuz M\u00fc\u015fteri memnuniyetini, \u00e7al\u0131\u015fanlar\u0131m\u0131z\u0131n mutlulu\u011funu, &hellip;<\/p>\n<p class=\"read-more\"> <a class=\"\" href=\"https:\/\/www.orjinalmuhendislik.com\/en\/kurumsal\/misyon-vizyon\/\"> <span class=\"screen-reader-text\">Mission &amp; Vision<\/span> Read More \u00bb<\/a><\/p>","protected":false},"author":5,"featured_media":0,"parent":447,"menu_order":0,"comment_status":"closed","ping_status":"closed","template":"","meta":{"site-sidebar-layout":"no-sidebar","site-content-layout":"page-builder","ast-site-content-layout":"default","site-content-style":"default","site-sidebar-style":"default","ast-global-header-display":"","ast-banner-title-visibility":"","ast-main-header-display":"","ast-hfb-above-header-display":"","ast-hfb-below-header-display":"","ast-hfb-mobile-header-display":"","site-post-title":"disabled","ast-breadcrumbs-content":"","ast-featured-img":"disabled","footer-sml-layout":"","theme-transparent-header-meta":"default","adv-header-id-meta":"","stick-header-meta":"default","header-above-stick-meta":"","header-main-stick-meta":"","header-below-stick-meta":"","astra-migrate-meta-layouts":"set","ast-page-background-enabled":"default","ast-page-background-meta":{"desktop":{"background-color":"var(--ast-global-color-4)","background-image":"","background-repeat":"repeat","background-position":"center center","background-size":"auto","background-attachment":"scroll","background-type":"","background-media":"","overlay-type":"","overlay-color":"","overlay-gradient":""},"tablet":{"background-color":"","background-image":"","background-repeat":"repeat","background-position":"center center","background-size":"auto","background-attachment":"scroll","background-type":"","background-media":"","overlay-type":"","overlay-color":"","overlay-gradient":""},"mobile":{"background-color":"","background-image":"","background-repeat":"repeat","background-position":"center center","background-size":"auto","background-attachment":"scroll","background-type":"","background-media":"","overlay-type":"","overlay-color":"","overlay-gradient":""}},"ast-content-background-meta":{"desktop":{"background-color":"var(--ast-global-color-5)","background-image":"","background-repeat":"repeat","background-position":"center center","background-size":"auto","background-attachment":"scroll","background-type":"","background-media":"","overlay-type":"","overlay-color":"","overlay-gradient":""},"tablet":{"background-color":"var(--ast-global-color-5)","background-image":"","background-repeat":"repeat","background-position":"center center","background-size":"auto","background-attachment":"scroll","background-type":"","background-media":"","overlay-type":"","overlay-color":"","overlay-gradient":""},"mobile":{"background-color":"var(--ast-global-color-5)","background-image":"","background-repeat":"repeat","background-position":"center center","background-size":"auto","background-attachment":"scroll","background-type":"","background-media":"","overlay-type":"","overlay-color":"","overlay-gradient":""}},"_joinchat":[],"footnotes":""},"class_list":["post-567","page","type-page","status-publish","hentry"],"acf":[],"_links":{"self":[{"href":"https:\/\/www.orjinalmuhendislik.com\/en\/wp-json\/wp\/v2\/pages\/567","targetHints":{"allow":["GET"]}}],"collection":[{"href":"https:\/\/www.orjinalmuhendislik.com\/en\/wp-json\/wp\/v2\/pages"}],"about":[{"href":"https:\/\/www.orjinalmuhendislik.com\/en\/wp-json\/wp\/v2\/types\/page"}],"author":[{"embeddable":true,"href":"https:\/\/www.orjinalmuhendislik.com\/en\/wp-json\/wp\/v2\/users\/5"}],"replies":[{"embeddable":true,"href":"https:\/\/www.orjinalmuhendislik.com\/en\/wp-json\/wp\/v2\/comments?post=567"}],"version-history":[{"count":12,"href":"https:\/\/www.orjinalmuhendislik.com\/en\/wp-json\/wp\/v2\/pages\/567\/revisions"}],"predecessor-version":[{"id":1616,"href":"https:\/\/www.orjinalmuhendislik.com\/en\/wp-json\/wp\/v2\/pages\/567\/revisions\/1616"}],"up":[{"embeddable":true,"href":"https:\/\/www.orjinalmuhendislik.com\/en\/wp-json\/wp\/v2\/pages\/447"}],"wp:attachment":[{"href":"https:\/\/www.orjinalmuhendislik.com\/en\/wp-json\/wp\/v2\/media?parent=567"}],"curies":[{"name":"wp","href":"https:\/\/api.w.org\/{rel}","templated":true}]}}