{"id":1324,"date":"2024-07-04T13:22:41","date_gmt":"2024-07-04T10:22:41","guid":{"rendered":"https:\/\/www.orjinalmuhendislik.com\/?page_id=1324"},"modified":"2024-10-08T10:52:03","modified_gmt":"2024-10-08T07:52:03","slug":"kontrol-vanalari","status":"publish","type":"page","link":"https:\/\/www.orjinalmuhendislik.com\/en\/urunlerimiz\/vanalar\/kontrol-vanalari\/","title":{"rendered":"Control Valves"},"content":{"rendered":"<meta itemscope itemprop=\"mainEntityOfPage\" itemtype=\"https:\/\/schema.org\/WebPage\" itemid=\"http:\/\/1197\" content=\"Elektrik Akt\u00fcat\u00f6rl\u00fc Kontrol Vanalar\u0131\" \/><meta itemprop=\"datePublished\" content=\"2024-07-04\" \/><meta itemprop=\"dateModified\" content=\"2024-07-04\" \/><meta itemprop=\"name\" content=\"Orjinal M\u00fchendislik\"\/><meta itemprop=\"url\" content=\"https:\/\/www.orjinalmuhendislik.com\/wp-content\/uploads\/2024\/04\/logo-yan-transparent.png\"\/><meta itemprop=\"url\" content=\"https:\/\/www.orjinalmuhendislik.com\/author\/neso\/\" \/><meta itemprop=\"name\" content=\"Nesrin Yarar\" \/><meta itemprop=\"url\" content=\"https:\/\/www.orjinalmuhendislik.com\/wp-content\/uploads\/2024\/07\/2-yollu-on-off-kontrol-vanasi.jpg\" \/><meta itemprop=\"width\" content=\"1000\" \/><meta itemprop=\"height\" content=\"1000\" \/><meta itemprop=\"interactionType\" content=\"https:\/\/schema.org\/CommentAction\" \/><meta itemprop=\"userInteractionCount\" content=\"0\" \/>\n\t\t\t\t<a href=\"https:\/\/www.orjinalmuhendislik.com\/en\/urun\/elektrik-aktuatorlu-kontrol-vanalari\/\" target=\"_self\" itemprop=\"url\" rel=\"noopener\">\n\t\t\t\t<img loading=\"lazy\" decoding=\"async\" src=\"https:\/\/www.orjinalmuhendislik.com\/wp-content\/uploads\/2024\/07\/2-yollu-on-off-kontrol-vanasi.jpg\" alt=\"2-yollu-on-off-kontrol-vanasi\" itemprop=\"image\" data-no-lazy=\"1\" height=\"1000\" width=\"1000\" title=\"2-yollu-on-off-kontrol-vanasi\" onerror=\"this.style.display='none'\"  \/>\n\t\t\t\t<\/a>\n\t\t\t\t\t\t\t\t\t<h3 itemprop=\"headline\">\n\t\t\t\t\t\t\t\t\t\t\t\t\t<a href=\"https:\/\/www.orjinalmuhendislik.com\/en\/urun\/elektrik-aktuatorlu-kontrol-vanalari\/\" title=\"Electric Actuated Control Valves\">\n\t\t\t\t\t\t\t\t\t\t\t\t\t\tElectric Actuated Control Valves\t\t\t\t\t\t\t\t\t\t\t\t\t<\/a>\n\t\t\t\t\t\t\t\t\t\t\t<\/h3>\n    <a href=\"https:\/\/www.orjinalmuhendislik.com\/en\/urun\/elektrik-aktuatorlu-kontrol-vanalari\/\" title=\"Electric Actuated Control Valves\">\u00dcR\u00dcN\u00dc \u0130NCELE about Elektrik Akt\u00fcat\u00f6rl\u00fc Kontrol Vanalar\u0131<\/a>\n\t<meta itemscope itemprop=\"mainEntityOfPage\" itemtype=\"https:\/\/schema.org\/WebPage\" itemid=\"http:\/\/1196\" content=\"Pn\u00f6matik Akt\u00fcat\u00f6rl\u00fc Kontrol Vanalar\u0131\" \/><meta itemprop=\"datePublished\" content=\"2024-07-04\" \/><meta itemprop=\"dateModified\" content=\"2024-07-04\" \/><meta itemprop=\"name\" content=\"Orjinal M\u00fchendislik\"\/><meta itemprop=\"url\" content=\"https:\/\/www.orjinalmuhendislik.com\/wp-content\/uploads\/2024\/04\/logo-yan-transparent.png\"\/><meta itemprop=\"url\" content=\"https:\/\/www.orjinalmuhendislik.com\/author\/neso\/\" \/><meta itemprop=\"name\" content=\"Nesrin Yarar\" \/><meta itemprop=\"url\" content=\"https:\/\/www.orjinalmuhendislik.com\/wp-content\/uploads\/2024\/07\/41-1.jpg\" \/><meta itemprop=\"width\" content=\"600\" \/><meta itemprop=\"height\" content=\"600\" \/><meta itemprop=\"interactionType\" content=\"https:\/\/schema.org\/CommentAction\" \/><meta itemprop=\"userInteractionCount\" content=\"0\" \/>\n\t\t\t\t<a href=\"https:\/\/www.orjinalmuhendislik.com\/en\/urun\/pnomatik-aktuatorlu-kontrol-vanalari\/\" target=\"_self\" itemprop=\"url\" rel=\"noopener\">\n\t\t\t\t<img loading=\"lazy\" decoding=\"async\" src=\"https:\/\/www.orjinalmuhendislik.com\/wp-content\/uploads\/2024\/07\/41-1.jpg\" alt=\"41-1\" itemprop=\"image\" data-no-lazy=\"1\" height=\"600\" width=\"600\" title=\"41-1\" onerror=\"this.style.display='none'\"  \/>\n\t\t\t\t<\/a>\n\t\t\t\t\t\t\t\t\t<h3 itemprop=\"headline\">\n\t\t\t\t\t\t\t\t\t\t\t\t\t<a href=\"https:\/\/www.orjinalmuhendislik.com\/en\/urun\/pnomatik-aktuatorlu-kontrol-vanalari\/\" title=\"Pneumatic Actuated Control Valves\">\n\t\t\t\t\t\t\t\t\t\t\t\t\t\tPneumatic Actuated Control Valves\t\t\t\t\t\t\t\t\t\t\t\t\t<\/a>\n\t\t\t\t\t\t\t\t\t\t\t<\/h3>\n    <a href=\"https:\/\/www.orjinalmuhendislik.com\/en\/urun\/pnomatik-aktuatorlu-kontrol-vanalari\/\" title=\"Pneumatic Actuated Control Valves\">\u00dcR\u00dcN\u00dc \u0130NCELE about Pn\u00f6matik Akt\u00fcat\u00f6rl\u00fc Kontrol Vanalar\u0131<\/a>\n\t\t<!-- .pp-content-posts -->\n\t\t\t\t<img loading=\"lazy\" decoding=\"async\" src=\"https:\/\/www.orjinalmuhendislik.com\/wp-content\/uploads\/2024\/04\/logo-yan-transparent.png\" alt=\"logo yan transparent\" itemprop=\"image\" height=\"308\" width=\"800\" title=\"logo yan transparent\" onerror=\"this.style.display='none'\"  \/>\n\t<p>We accept quality as a standard, we commit to customer satisfaction in every project.<\/p>\n<h3>\n\t\tQuick Menu\n\t<\/h3>\n\t<nav aria-label=\"Main Men\u00fc 2\" itemscope=\"itemscope\" itemtype=\"https:\/\/schema.org\/SiteNavigationElement\">\n\t\t<ul id=\"menu-main-menu-2\"><li id=\"menu-item-811\"><a href=\"https:\/\/www.orjinalmuhendislik.com\/en\/\">Homepage<\/a><\/li><li id=\"menu-item-814\"><a href=\"https:\/\/www.orjinalmuhendislik.com\/en\/kurumsal\/\">Corporate<\/a><\/li><li id=\"menu-item-816\"><a href=\"https:\/\/www.orjinalmuhendislik.com\/en\/urunlerimiz\/\">Our Products<\/a><\/li><li id=\"menu-item-815\"><a href=\"https:\/\/www.orjinalmuhendislik.com\/en\/teknik-bilgiler\/\">Technical Information<\/a><\/li><li id=\"menu-item-813\"><a href=\"https:\/\/www.orjinalmuhendislik.com\/en\/iletisim\/\">Contact<\/a><\/li><\/ul>\n\t\t\t<\/nav>\n<h3>\n\t\tContact\n\t<\/h3>\n\t\t<ul>\n\t\t\t\t\t<li>\n\t\t\t\t\n\t\t<p><a href=\"https:\/\/www.google.com.tr\/maps\/place\/Numune+Evler,+%C5%9Eaban+Ak%C4%B1n+U%C3%A7ar+Cd.+No:60,+31600+D%C3%B6rtyol%2FHatay\/@36.8277404,36.2084662,19.21z\/data=!4m5!3m4!1s0x152f3f7d5047a65f:0x8f155ca9b2e22fb0!8m2!3d36.8275025!4d36.2089566?hl=tr&amp;entry=ttu&amp;g_ep=EgoyMDI0MTAwMS4wIKXMDSoASAFQAw%3D%3D\">Numune Evler Mh. \u015eaban Ak\u0131n U\u00e7ar Cd. No: 60 D\u00f6rtyol\/HATAY<\/a><\/p>\t\t\t\n\t\t\t<\/li>\n\t\t\t\t<\/ul>\n\t\t<ul>\n\t\t\t\t\t<li>\n\t\t\t\t\n\t\t<p><a href=\"mailto:info@orjinalmuhendislik.com\">info@orjinalmuhendislik.com<\/a><\/p>\t\t\t\n\t\t\t<\/li>\n\t\t\t\t<\/ul>\n\t\t<ul>\n\t\t\t\t\t<li>\n\t\t\t\t\n\t\t<p><a href=\"tel: 90 326 712 44 44\">+90 326 712 44 44<\/a><\/p>\t\t\t\n\t\t\t<\/li>\n\t\t\t\t<\/ul>\n\t\t<ul>\n\t\t\t\t\t<li>\n\t\t\t\t\n\t\t<p><a href=\"http:\/\/+90 544 270 01 41\" data-wplink-url-error=\"true\">+90 544 270 01 41<\/a> <\/p>\t\t\t\n\t\t\t<\/li>\n\t\t\t\t<\/ul>\n\t<p>\u00a9 2024 <strong>Orjinal\u00a0M\u00fchendislik<\/strong> All Rights Reserved. | <a href=\"https:\/\/www.orjinalmuhendislik.com\/en\/gizlilik-politikasi\/\">Privacy Policy<\/a><\/p>\n\t<p>Web Design <a href=\"http:\/\/www.digitalkure.com\" target=\"_blank\" rel=\"noopener\"><strong>Digital K\u00fcre<\/strong><\/a><\/p>","protected":false},"excerpt":{"rendered":"<p>Elektrik Akt\u00fcat\u00f6rl\u00fc Kontrol Vanalar\u0131 \u00dcR\u00dcN\u00dc &hellip;<\/p>\n<p class=\"read-more\"> <a class=\"\" href=\"https:\/\/www.orjinalmuhendislik.com\/en\/urunlerimiz\/vanalar\/kontrol-vanalari\/\"> <span class=\"screen-reader-text\">Control Valves<\/span> Read More \u00bb<\/a><\/p>","protected":false},"author":5,"featured_media":0,"parent":758,"menu_order":0,"comment_status":"closed","ping_status":"closed","template":"","meta":{"site-sidebar-layout":"no-sidebar","site-content-layout":"page-builder","ast-site-content-layout":"default","site-content-style":"default","site-sidebar-style":"default","ast-global-header-display":"","ast-banner-title-visibility":"","ast-main-header-display":"","ast-hfb-above-header-display":"","ast-hfb-below-header-display":"","ast-hfb-mobile-header-display":"","site-post-title":"disabled","ast-breadcrumbs-content":"","ast-featured-img":"disabled","footer-sml-layout":"","theme-transparent-header-meta":"default","adv-header-id-meta":"","stick-header-meta":"default","header-above-stick-meta":"","header-main-stick-meta":"","header-below-stick-meta":"","astra-migrate-meta-layouts":"set","ast-page-background-enabled":"default","ast-page-background-meta":{"desktop":{"background-color":"var(--ast-global-color-4)","background-image":"","background-repeat":"repeat","background-position":"center center","background-size":"auto","background-attachment":"scroll","background-type":"","background-media":"","overlay-type":"","overlay-color":"","overlay-gradient":""},"tablet":{"background-color":"","background-image":"","background-repeat":"repeat","background-position":"center center","background-size":"auto","background-attachment":"scroll","background-type":"","background-media":"","overlay-type":"","overlay-color":"","overlay-gradient":""},"mobile":{"background-color":"","background-image":"","background-repeat":"repeat","background-position":"center center","background-size":"auto","background-attachment":"scroll","background-type":"","background-media":"","overlay-type":"","overlay-color":"","overlay-gradient":""}},"ast-content-background-meta":{"desktop":{"background-color":"var(--ast-global-color-5)","background-image":"","background-repeat":"repeat","background-position":"center center","background-size":"auto","background-attachment":"scroll","background-type":"","background-media":"","overlay-type":"","overlay-color":"","overlay-gradient":""},"tablet":{"background-color":"var(--ast-global-color-5)","background-image":"","background-repeat":"repeat","background-position":"center center","background-size":"auto","background-attachment":"scroll","background-type":"","background-media":"","overlay-type":"","overlay-color":"","overlay-gradient":""},"mobile":{"background-color":"var(--ast-global-color-5)","background-image":"","background-repeat":"repeat","background-position":"center center","background-size":"auto","background-attachment":"scroll","background-type":"","background-media":"","overlay-type":"","overlay-color":"","overlay-gradient":""}},"_joinchat":[],"footnotes":""},"class_list":["post-1324","page","type-page","status-publish","hentry"],"acf":[],"_links":{"self":[{"href":"https:\/\/www.orjinalmuhendislik.com\/en\/wp-json\/wp\/v2\/pages\/1324","targetHints":{"allow":["GET"]}}],"collection":[{"href":"https:\/\/www.orjinalmuhendislik.com\/en\/wp-json\/wp\/v2\/pages"}],"about":[{"href":"https:\/\/www.orjinalmuhendislik.com\/en\/wp-json\/wp\/v2\/types\/page"}],"author":[{"embeddable":true,"href":"https:\/\/www.orjinalmuhendislik.com\/en\/wp-json\/wp\/v2\/users\/5"}],"replies":[{"embeddable":true,"href":"https:\/\/www.orjinalmuhendislik.com\/en\/wp-json\/wp\/v2\/comments?post=1324"}],"version-history":[{"count":3,"href":"https:\/\/www.orjinalmuhendislik.com\/en\/wp-json\/wp\/v2\/pages\/1324\/revisions"}],"predecessor-version":[{"id":1640,"href":"https:\/\/www.orjinalmuhendislik.com\/en\/wp-json\/wp\/v2\/pages\/1324\/revisions\/1640"}],"up":[{"embeddable":true,"href":"https:\/\/www.orjinalmuhendislik.com\/en\/wp-json\/wp\/v2\/pages\/758"}],"wp:attachment":[{"href":"https:\/\/www.orjinalmuhendislik.com\/en\/wp-json\/wp\/v2\/media?parent=1324"}],"curies":[{"name":"wp","href":"https:\/\/api.w.org\/{rel}","templated":true}]}}