{"id":1301,"date":"2024-07-04T13:15:38","date_gmt":"2024-07-04T10:15:38","guid":{"rendered":"https:\/\/www.orjinalmuhendislik.com\/?page_id=1301"},"modified":"2024-10-08T10:57:10","modified_gmt":"2024-10-08T07:57:10","slug":"sprinkler","status":"publish","type":"page","link":"https:\/\/www.orjinalmuhendislik.com\/en\/urunlerimiz\/yangin-sondurme-sistemleri\/sprinkler\/","title":{"rendered":"Sprinkler"},"content":{"rendered":"<meta itemscope itemprop=\"mainEntityOfPage\" itemtype=\"https:\/\/schema.org\/WebPage\" itemid=\"http:\/\/1149\" content=\"Esfr Tip Depo Sprinkleri\" \/><meta itemprop=\"datePublished\" content=\"2024-07-04\" \/><meta itemprop=\"dateModified\" content=\"2024-07-15\" \/><meta itemprop=\"name\" content=\"Orjinal M\u00fchendislik\"\/><meta itemprop=\"url\" content=\"https:\/\/www.orjinalmuhendislik.com\/wp-content\/uploads\/2024\/04\/logo-yan-transparent.png\"\/><meta itemprop=\"url\" content=\"https:\/\/www.orjinalmuhendislik.com\/author\/neso\/\" \/><meta itemprop=\"name\" content=\"Nesrin Yarar\" \/><meta itemprop=\"url\" content=\"https:\/\/www.orjinalmuhendislik.com\/wp-content\/uploads\/2024\/07\/FIS_residentialproductdetail_product_ESFR-25_1.jpg\" \/><meta itemprop=\"width\" content=\"694\" \/><meta itemprop=\"height\" content=\"400\" \/><meta itemprop=\"interactionType\" content=\"https:\/\/schema.org\/CommentAction\" \/><meta itemprop=\"userInteractionCount\" content=\"0\" \/>\n\t\t\t\t<a href=\"https:\/\/www.orjinalmuhendislik.com\/en\/urun\/esfr-tip-depo-sprinkleri\/\" target=\"_self\" itemprop=\"url\" rel=\"noopener\">\n\t\t\t\t<img loading=\"lazy\" decoding=\"async\" src=\"https:\/\/www.orjinalmuhendislik.com\/wp-content\/uploads\/2024\/07\/FIS_residentialproductdetail_product_ESFR-25_1.jpg\" alt=\"FIS_residentialproductdetail_product_ESFR-25_1\" itemprop=\"image\" data-no-lazy=\"1\" height=\"400\" width=\"694\" title=\"FIS_residentialproductdetail_product_ESFR-25_1\" onerror=\"this.style.display='none'\"  \/>\n\t\t\t\t<\/a>\n\t\t\t\t\t\t\t\t\t<h3 itemprop=\"headline\">\n\t\t\t\t\t\t\t\t\t\t\t\t\t<a href=\"https:\/\/www.orjinalmuhendislik.com\/en\/urun\/esfr-tip-depo-sprinkleri\/\" title=\"Esfr Type Warehouse Sprinkler\">\n\t\t\t\t\t\t\t\t\t\t\t\t\t\tEsfr Type Warehouse Sprinkler\t\t\t\t\t\t\t\t\t\t\t\t\t<\/a>\n\t\t\t\t\t\t\t\t\t\t\t<\/h3>\n    <a href=\"https:\/\/www.orjinalmuhendislik.com\/en\/urun\/esfr-tip-depo-sprinkleri\/\" title=\"Esfr Type Warehouse Sprinkler\">\u00dcR\u00dcN\u00dc \u0130NCELE about Esfr Tip Depo Sprinkleri<\/a>\n\t<meta itemscope itemprop=\"mainEntityOfPage\" itemtype=\"https:\/\/schema.org\/WebPage\" itemid=\"http:\/\/1150\" content=\"Pendent Sprinkler Sark\u0131k Tip\" \/><meta itemprop=\"datePublished\" content=\"2024-07-04\" \/><meta itemprop=\"dateModified\" content=\"2024-07-04\" \/><meta itemprop=\"name\" content=\"Orjinal M\u00fchendislik\"\/><meta itemprop=\"url\" content=\"https:\/\/www.orjinalmuhendislik.com\/wp-content\/uploads\/2024\/04\/logo-yan-transparent.png\"\/><meta itemprop=\"url\" content=\"https:\/\/www.orjinalmuhendislik.com\/author\/neso\/\" \/><meta itemprop=\"name\" content=\"Nesrin Yarar\" \/><meta itemprop=\"url\" content=\"https:\/\/www.orjinalmuhendislik.com\/wp-content\/uploads\/2024\/07\/duyar-vana-pendent-sarkik-sprinkler-standart-tepkimeli.jpg\" \/><meta itemprop=\"width\" content=\"500\" \/><meta itemprop=\"height\" content=\"480\" \/><meta itemprop=\"interactionType\" content=\"https:\/\/schema.org\/CommentAction\" \/><meta itemprop=\"userInteractionCount\" content=\"0\" \/>\n\t\t\t\t<a href=\"https:\/\/www.orjinalmuhendislik.com\/en\/urun\/pendent-sprinkler-sarkik-tip\/\" target=\"_self\" itemprop=\"url\" rel=\"noopener\">\n\t\t\t\t<img loading=\"lazy\" decoding=\"async\" src=\"https:\/\/www.orjinalmuhendislik.com\/wp-content\/uploads\/2024\/07\/duyar-vana-pendent-sarkik-sprinkler-standart-tepkimeli.jpg\" alt=\"duyar-vana-pendent-(sarkik)-sprinkler---standart-tepkimeli\" itemprop=\"image\" data-no-lazy=\"1\" height=\"480\" width=\"500\" title=\"duyar-vana-pendent-(sarkik)-sprinkler---standart-tepkimeli\" onerror=\"this.style.display='none'\"  \/>\n\t\t\t\t<\/a>\n\t\t\t\t\t\t\t\t\t<h3 itemprop=\"headline\">\n\t\t\t\t\t\t\t\t\t\t\t\t\t<a href=\"https:\/\/www.orjinalmuhendislik.com\/en\/urun\/pendent-sprinkler-sarkik-tip\/\" title=\"Pendent Sprinkler\">\n\t\t\t\t\t\t\t\t\t\t\t\t\t\tPendent Sprinkler\t\t\t\t\t\t\t\t\t\t\t\t\t<\/a>\n\t\t\t\t\t\t\t\t\t\t\t<\/h3>\n    <a href=\"https:\/\/www.orjinalmuhendislik.com\/en\/urun\/pendent-sprinkler-sarkik-tip\/\" title=\"Pendent Sprinkler\">\u00dcR\u00dcN\u00dc \u0130NCELE about Pendent Sprinkler Sark\u0131k Tip<\/a>\n\t<meta itemscope itemprop=\"mainEntityOfPage\" itemtype=\"https:\/\/schema.org\/WebPage\" itemid=\"http:\/\/1151\" content=\"Upright Sprinkler Dik Tip\" \/><meta itemprop=\"datePublished\" content=\"2024-07-04\" \/><meta itemprop=\"dateModified\" content=\"2024-07-04\" \/><meta itemprop=\"name\" content=\"Orjinal M\u00fchendislik\"\/><meta itemprop=\"url\" content=\"https:\/\/www.orjinalmuhendislik.com\/wp-content\/uploads\/2024\/04\/logo-yan-transparent.png\"\/><meta itemprop=\"url\" content=\"https:\/\/www.orjinalmuhendislik.com\/author\/neso\/\" \/><meta itemprop=\"name\" content=\"Nesrin Yarar\" \/><meta itemprop=\"url\" content=\"https:\/\/www.orjinalmuhendislik.com\/wp-content\/uploads\/2024\/07\/duyar-vana-upright-yukari-tip-sprinkler-standart-tepkimeli.jpg\" \/><meta itemprop=\"width\" content=\"500\" \/><meta itemprop=\"height\" content=\"480\" \/><meta itemprop=\"interactionType\" content=\"https:\/\/schema.org\/CommentAction\" \/><meta itemprop=\"userInteractionCount\" content=\"0\" \/>\n\t\t\t\t<a href=\"https:\/\/www.orjinalmuhendislik.com\/en\/urun\/upright-sprinkler-dik-tip\/\" target=\"_self\" itemprop=\"url\" rel=\"noopener\">\n\t\t\t\t<img loading=\"lazy\" decoding=\"async\" src=\"https:\/\/www.orjinalmuhendislik.com\/wp-content\/uploads\/2024\/07\/duyar-vana-upright-yukari-tip-sprinkler-standart-tepkimeli.jpg\" alt=\"duyar-vana-upright-(yukari-tip)-sprinkler---standart-tepkimeli\" itemprop=\"image\" data-no-lazy=\"1\" height=\"480\" width=\"500\" title=\"duyar-vana-upright-(yukari-tip)-sprinkler---standart-tepkimeli\" onerror=\"this.style.display='none'\"  \/>\n\t\t\t\t<\/a>\n\t\t\t\t\t\t\t\t\t<h3 itemprop=\"headline\">\n\t\t\t\t\t\t\t\t\t\t\t\t\t<a href=\"https:\/\/www.orjinalmuhendislik.com\/en\/urun\/upright-sprinkler-dik-tip\/\" title=\"Upright Sprinkler\">\n\t\t\t\t\t\t\t\t\t\t\t\t\t\tUpright Sprinkler\t\t\t\t\t\t\t\t\t\t\t\t\t<\/a>\n\t\t\t\t\t\t\t\t\t\t\t<\/h3>\n    <a href=\"https:\/\/www.orjinalmuhendislik.com\/en\/urun\/upright-sprinkler-dik-tip\/\" title=\"Upright Sprinkler\">\u00dcR\u00dcN\u00dc \u0130NCELE about Upright Sprinkler Dik Tip<\/a>\n\t<meta itemscope itemprop=\"mainEntityOfPage\" itemtype=\"https:\/\/schema.org\/WebPage\" itemid=\"http:\/\/1147\" content=\"Sidewall Sprinkler Duvar Tipi\" \/><meta itemprop=\"datePublished\" content=\"2024-07-04\" \/><meta itemprop=\"dateModified\" content=\"2024-07-04\" \/><meta itemprop=\"name\" content=\"Orjinal M\u00fchendislik\"\/><meta itemprop=\"url\" content=\"https:\/\/www.orjinalmuhendislik.com\/wp-content\/uploads\/2024\/04\/logo-yan-transparent.png\"\/><meta itemprop=\"url\" content=\"https:\/\/www.orjinalmuhendislik.com\/author\/neso\/\" \/><meta itemprop=\"name\" content=\"Nesrin Yarar\" \/><meta itemprop=\"url\" content=\"https:\/\/www.orjinalmuhendislik.com\/wp-content\/uploads\/2024\/07\/duyar-vana-sidewall-duvar-sprinkler-standart-tepkimeli.jpg\" \/><meta itemprop=\"width\" content=\"500\" \/><meta itemprop=\"height\" content=\"480\" \/><meta itemprop=\"interactionType\" content=\"https:\/\/schema.org\/CommentAction\" \/><meta itemprop=\"userInteractionCount\" content=\"0\" \/>\n\t\t\t\t<a href=\"https:\/\/www.orjinalmuhendislik.com\/en\/urun\/sidewall-sprinkler-duvar-tipi\/\" target=\"_self\" itemprop=\"url\" rel=\"noopener\">\n\t\t\t\t<img loading=\"lazy\" decoding=\"async\" src=\"https:\/\/www.orjinalmuhendislik.com\/wp-content\/uploads\/2024\/07\/duyar-vana-sidewall-duvar-sprinkler-standart-tepkimeli.jpg\" alt=\"duyar-vana-sidewall-(duvar)-sprinkler---standart-tepkimeli\" itemprop=\"image\" data-no-lazy=\"1\" height=\"480\" width=\"500\" title=\"duyar-vana-sidewall-(duvar)-sprinkler---standart-tepkimeli\" onerror=\"this.style.display='none'\"  \/>\n\t\t\t\t<\/a>\n\t\t\t\t\t\t\t\t\t<h3 itemprop=\"headline\">\n\t\t\t\t\t\t\t\t\t\t\t\t\t<a href=\"https:\/\/www.orjinalmuhendislik.com\/en\/urun\/sidewall-sprinkler-duvar-tipi\/\" title=\"Sidewall Sprinkler\">\n\t\t\t\t\t\t\t\t\t\t\t\t\t\tSidewall Sprinkler\t\t\t\t\t\t\t\t\t\t\t\t\t<\/a>\n\t\t\t\t\t\t\t\t\t\t\t<\/h3>\n    <a href=\"https:\/\/www.orjinalmuhendislik.com\/en\/urun\/sidewall-sprinkler-duvar-tipi\/\" title=\"Sidewall Sprinkler\">\u00dcR\u00dcN\u00dc \u0130NCELE about Sidewall Sprinkler Duvar Tipi<\/a>\n\t\t<!-- .pp-content-posts -->\n\t\t\t\t<img loading=\"lazy\" decoding=\"async\" src=\"https:\/\/www.orjinalmuhendislik.com\/wp-content\/uploads\/2024\/04\/logo-yan-transparent.png\" alt=\"logo yan transparent\" itemprop=\"image\" height=\"308\" width=\"800\" title=\"logo yan transparent\" onerror=\"this.style.display='none'\"  \/>\n\t<p>We accept quality as a standard, we commit to customer satisfaction in every project.<\/p>\n<h3>\n\t\tQuick Menu\n\t<\/h3>\n\t<nav aria-label=\"Main Men\u00fc 2\" itemscope=\"itemscope\" itemtype=\"https:\/\/schema.org\/SiteNavigationElement\">\n\t\t<ul id=\"menu-main-menu-2\"><li id=\"menu-item-811\"><a href=\"https:\/\/www.orjinalmuhendislik.com\/en\/\">Homepage<\/a><\/li><li id=\"menu-item-814\"><a href=\"https:\/\/www.orjinalmuhendislik.com\/en\/kurumsal\/\">Corporate<\/a><\/li><li id=\"menu-item-816\"><a href=\"https:\/\/www.orjinalmuhendislik.com\/en\/urunlerimiz\/\">Our Products<\/a><\/li><li id=\"menu-item-815\"><a href=\"https:\/\/www.orjinalmuhendislik.com\/en\/teknik-bilgiler\/\">Technical Information<\/a><\/li><li id=\"menu-item-813\"><a href=\"https:\/\/www.orjinalmuhendislik.com\/en\/iletisim\/\">Contact<\/a><\/li><\/ul>\n\t\t\t<\/nav>\n<h3>\n\t\tContact\n\t<\/h3>\n\t\t<ul>\n\t\t\t\t\t<li>\n\t\t\t\t\n\t\t<p><a href=\"https:\/\/www.google.com.tr\/maps\/place\/Numune+Evler,+%C5%9Eaban+Ak%C4%B1n+U%C3%A7ar+Cd.+No:60,+31600+D%C3%B6rtyol%2FHatay\/@36.8277404,36.2084662,19.21z\/data=!4m5!3m4!1s0x152f3f7d5047a65f:0x8f155ca9b2e22fb0!8m2!3d36.8275025!4d36.2089566?hl=tr&amp;entry=ttu&amp;g_ep=EgoyMDI0MTAwMS4wIKXMDSoASAFQAw%3D%3D\">Numune Evler Mh. \u015eaban Ak\u0131n U\u00e7ar Cd. No: 60 D\u00f6rtyol\/HATAY<\/a><\/p>\t\t\t\n\t\t\t<\/li>\n\t\t\t\t<\/ul>\n\t\t<ul>\n\t\t\t\t\t<li>\n\t\t\t\t\n\t\t<p><a href=\"mailto:info@orjinalmuhendislik.com\">info@orjinalmuhendislik.com<\/a><\/p>\t\t\t\n\t\t\t<\/li>\n\t\t\t\t<\/ul>\n\t\t<ul>\n\t\t\t\t\t<li>\n\t\t\t\t\n\t\t<p><a href=\"tel: 90 326 712 44 44\">+90 326 712 44 44<\/a><\/p>\t\t\t\n\t\t\t<\/li>\n\t\t\t\t<\/ul>\n\t\t<ul>\n\t\t\t\t\t<li>\n\t\t\t\t\n\t\t<p><a href=\"http:\/\/+90 544 270 01 41\" data-wplink-url-error=\"true\">+90 544 270 01 41<\/a> <\/p>\t\t\t\n\t\t\t<\/li>\n\t\t\t\t<\/ul>\n\t<p>\u00a9 2024 <strong>Orjinal\u00a0M\u00fchendislik<\/strong> All Rights Reserved. | <a href=\"https:\/\/www.orjinalmuhendislik.com\/en\/gizlilik-politikasi\/\">Privacy Policy<\/a><\/p>\n\t<p>Web Design <a href=\"http:\/\/www.digitalkure.com\" target=\"_blank\" rel=\"noopener\"><strong>Digital K\u00fcre<\/strong><\/a><\/p>","protected":false},"excerpt":{"rendered":"<p>Esfr Tip Depo Sprinkleri \u00dcR\u00dcN\u00dc &hellip;<\/p>\n<p class=\"read-more\"> <a class=\"\" href=\"https:\/\/www.orjinalmuhendislik.com\/en\/urunlerimiz\/yangin-sondurme-sistemleri\/sprinkler\/\"> <span class=\"screen-reader-text\">Sprinkler<\/span> Read More \u00bb<\/a><\/p>","protected":false},"author":5,"featured_media":0,"parent":1238,"menu_order":0,"comment_status":"closed","ping_status":"closed","template":"","meta":{"site-sidebar-layout":"no-sidebar","site-content-layout":"page-builder","ast-site-content-layout":"default","site-content-style":"default","site-sidebar-style":"default","ast-global-header-display":"","ast-banner-title-visibility":"","ast-main-header-display":"","ast-hfb-above-header-display":"","ast-hfb-below-header-display":"","ast-hfb-mobile-header-display":"","site-post-title":"disabled","ast-breadcrumbs-content":"","ast-featured-img":"disabled","footer-sml-layout":"","theme-transparent-header-meta":"default","adv-header-id-meta":"","stick-header-meta":"default","header-above-stick-meta":"","header-main-stick-meta":"","header-below-stick-meta":"","astra-migrate-meta-layouts":"set","ast-page-background-enabled":"default","ast-page-background-meta":{"desktop":{"background-color":"var(--ast-global-color-4)","background-image":"","background-repeat":"repeat","background-position":"center center","background-size":"auto","background-attachment":"scroll","background-type":"","background-media":"","overlay-type":"","overlay-color":"","overlay-gradient":""},"tablet":{"background-color":"","background-image":"","background-repeat":"repeat","background-position":"center center","background-size":"auto","background-attachment":"scroll","background-type":"","background-media":"","overlay-type":"","overlay-color":"","overlay-gradient":""},"mobile":{"background-color":"","background-image":"","background-repeat":"repeat","background-position":"center center","background-size":"auto","background-attachment":"scroll","background-type":"","background-media":"","overlay-type":"","overlay-color":"","overlay-gradient":""}},"ast-content-background-meta":{"desktop":{"background-color":"var(--ast-global-color-5)","background-image":"","background-repeat":"repeat","background-position":"center center","background-size":"auto","background-attachment":"scroll","background-type":"","background-media":"","overlay-type":"","overlay-color":"","overlay-gradient":""},"tablet":{"background-color":"var(--ast-global-color-5)","background-image":"","background-repeat":"repeat","background-position":"center center","background-size":"auto","background-attachment":"scroll","background-type":"","background-media":"","overlay-type":"","overlay-color":"","overlay-gradient":""},"mobile":{"background-color":"var(--ast-global-color-5)","background-image":"","background-repeat":"repeat","background-position":"center center","background-size":"auto","background-attachment":"scroll","background-type":"","background-media":"","overlay-type":"","overlay-color":"","overlay-gradient":""}},"_joinchat":[],"footnotes":""},"class_list":["post-1301","page","type-page","status-publish","hentry"],"acf":[],"_links":{"self":[{"href":"https:\/\/www.orjinalmuhendislik.com\/en\/wp-json\/wp\/v2\/pages\/1301","targetHints":{"allow":["GET"]}}],"collection":[{"href":"https:\/\/www.orjinalmuhendislik.com\/en\/wp-json\/wp\/v2\/pages"}],"about":[{"href":"https:\/\/www.orjinalmuhendislik.com\/en\/wp-json\/wp\/v2\/types\/page"}],"author":[{"embeddable":true,"href":"https:\/\/www.orjinalmuhendislik.com\/en\/wp-json\/wp\/v2\/users\/5"}],"replies":[{"embeddable":true,"href":"https:\/\/www.orjinalmuhendislik.com\/en\/wp-json\/wp\/v2\/comments?post=1301"}],"version-history":[{"count":4,"href":"https:\/\/www.orjinalmuhendislik.com\/en\/wp-json\/wp\/v2\/pages\/1301\/revisions"}],"predecessor-version":[{"id":1647,"href":"https:\/\/www.orjinalmuhendislik.com\/en\/wp-json\/wp\/v2\/pages\/1301\/revisions\/1647"}],"up":[{"embeddable":true,"href":"https:\/\/www.orjinalmuhendislik.com\/en\/wp-json\/wp\/v2\/pages\/1238"}],"wp:attachment":[{"href":"https:\/\/www.orjinalmuhendislik.com\/en\/wp-json\/wp\/v2\/media?parent=1301"}],"curies":[{"name":"wp","href":"https:\/\/api.w.org\/{rel}","templated":true}]}}