{"id":1237,"date":"2024-07-04T12:59:11","date_gmt":"2024-07-04T09:59:11","guid":{"rendered":"https:\/\/www.orjinalmuhendislik.com\/?page_id=1237"},"modified":"2024-10-08T10:57:50","modified_gmt":"2024-10-08T07:57:50","slug":"kondenstoplar","status":"publish","type":"page","link":"https:\/\/www.orjinalmuhendislik.com\/en\/urunlerimiz\/kondenstoplar\/","title":{"rendered":"STEAM TRAPS"},"content":{"rendered":"<meta itemscope itemprop=\"mainEntityOfPage\" itemtype=\"https:\/\/schema.org\/WebPage\" itemid=\"http:\/\/1126\" content=\"Termostatik\" \/><meta itemprop=\"datePublished\" content=\"2024-07-04\" \/><meta itemprop=\"dateModified\" content=\"2024-07-04\" \/><meta itemprop=\"name\" content=\"Orjinal M\u00fchendislik\"\/><meta itemprop=\"url\" content=\"https:\/\/www.orjinalmuhendislik.com\/wp-content\/uploads\/2024\/04\/logo-yan-transparent.png\"\/><meta itemprop=\"url\" content=\"https:\/\/www.orjinalmuhendislik.com\/author\/neso\/\" \/><meta itemprop=\"name\" content=\"Nesrin Yarar\" \/><meta itemprop=\"url\" content=\"https:\/\/www.orjinalmuhendislik.com\/wp-content\/uploads\/2024\/07\/htk75-termostatik-kondenstop-45135-1.png\" \/><meta itemprop=\"width\" content=\"750\" \/><meta itemprop=\"height\" content=\"750\" \/><meta itemprop=\"interactionType\" content=\"https:\/\/schema.org\/CommentAction\" \/><meta itemprop=\"userInteractionCount\" content=\"0\" \/>\n\t\t\t\t<a href=\"https:\/\/www.orjinalmuhendislik.com\/en\/urun\/termostatik\/\" target=\"_self\" itemprop=\"url\" rel=\"noopener\">\n\t\t\t\t<img loading=\"lazy\" decoding=\"async\" src=\"https:\/\/www.orjinalmuhendislik.com\/wp-content\/uploads\/2024\/07\/htk75-termostatik-kondenstop-45135-1.png\" alt=\"htk75-termostatik-kondenstop-45135 (1)\" itemprop=\"image\" data-no-lazy=\"1\" height=\"750\" width=\"750\" title=\"htk75-termostatik-kondenstop-45135 (1)\" onerror=\"this.style.display='none'\"  \/>\n\t\t\t\t<\/a>\n\t\t\t\t\t\t\t\t\t<h3 itemprop=\"headline\">\n\t\t\t\t\t\t\t\t\t\t\t\t\t<a href=\"https:\/\/www.orjinalmuhendislik.com\/en\/urun\/termostatik\/\" title=\"Thermostatic Steam Trap\">\n\t\t\t\t\t\t\t\t\t\t\t\t\t\tThermostatic Steam Trap\t\t\t\t\t\t\t\t\t\t\t\t\t<\/a>\n\t\t\t\t\t\t\t\t\t\t\t<\/h3>\n    <a href=\"https:\/\/www.orjinalmuhendislik.com\/en\/urun\/termostatik\/\" title=\"Thermostatic Steam Trap\">\u00dcR\u00dcN\u00dc \u0130NCELE about Termostatik<\/a>\n\t<meta itemscope itemprop=\"mainEntityOfPage\" itemtype=\"https:\/\/schema.org\/WebPage\" itemid=\"http:\/\/1127\" content=\"Termodinamik\" \/><meta itemprop=\"datePublished\" content=\"2024-07-04\" \/><meta itemprop=\"dateModified\" content=\"2024-07-04\" \/><meta itemprop=\"name\" content=\"Orjinal M\u00fchendislik\"\/><meta itemprop=\"url\" content=\"https:\/\/www.orjinalmuhendislik.com\/wp-content\/uploads\/2024\/04\/logo-yan-transparent.png\"\/><meta itemprop=\"url\" content=\"https:\/\/www.orjinalmuhendislik.com\/author\/neso\/\" \/><meta itemprop=\"name\" content=\"Nesrin Yarar\" \/><meta itemprop=\"url\" content=\"https:\/\/www.orjinalmuhendislik.com\/wp-content\/uploads\/2024\/07\/htd37-termodinamik-kondenstop-43540-1.png\" \/><meta itemprop=\"width\" content=\"750\" \/><meta itemprop=\"height\" content=\"750\" \/><meta itemprop=\"interactionType\" content=\"https:\/\/schema.org\/CommentAction\" \/><meta itemprop=\"userInteractionCount\" content=\"0\" \/>\n\t\t\t\t<a href=\"https:\/\/www.orjinalmuhendislik.com\/en\/urun\/termodinamik\/\" target=\"_self\" itemprop=\"url\" rel=\"noopener\">\n\t\t\t\t<img loading=\"lazy\" decoding=\"async\" src=\"https:\/\/www.orjinalmuhendislik.com\/wp-content\/uploads\/2024\/07\/htd37-termodinamik-kondenstop-43540-1.png\" alt=\"htd37-termodinamik-kondenstop-43540 (1)\" itemprop=\"image\" data-no-lazy=\"1\" height=\"750\" width=\"750\" title=\"htd37-termodinamik-kondenstop-43540 (1)\" onerror=\"this.style.display='none'\"  \/>\n\t\t\t\t<\/a>\n\t\t\t\t\t\t\t\t\t<h3 itemprop=\"headline\">\n\t\t\t\t\t\t\t\t\t\t\t\t\t<a href=\"https:\/\/www.orjinalmuhendislik.com\/en\/urun\/termodinamik\/\" title=\"Thermodynamic Steam Trap\">\n\t\t\t\t\t\t\t\t\t\t\t\t\t\tThermodynamic Steam Trap\t\t\t\t\t\t\t\t\t\t\t\t\t<\/a>\n\t\t\t\t\t\t\t\t\t\t\t<\/h3>\n    <a href=\"https:\/\/www.orjinalmuhendislik.com\/en\/urun\/termodinamik\/\" title=\"Thermodynamic Steam Trap\">\u00dcR\u00dcN\u00dc \u0130NCELE about Termodinamik<\/a>\n\t<meta itemscope itemprop=\"mainEntityOfPage\" itemtype=\"https:\/\/schema.org\/WebPage\" itemid=\"http:\/\/1129\" content=\"\u015eamand\u0131ral\u0131\" \/><meta itemprop=\"datePublished\" content=\"2024-07-04\" \/><meta itemprop=\"dateModified\" content=\"2024-07-04\" \/><meta itemprop=\"name\" content=\"Orjinal M\u00fchendislik\"\/><meta itemprop=\"url\" content=\"https:\/\/www.orjinalmuhendislik.com\/wp-content\/uploads\/2024\/04\/logo-yan-transparent.png\"\/><meta itemprop=\"url\" content=\"https:\/\/www.orjinalmuhendislik.com\/author\/neso\/\" \/><meta itemprop=\"name\" content=\"Nesrin Yarar\" \/><meta itemprop=\"url\" content=\"https:\/\/www.orjinalmuhendislik.com\/wp-content\/uploads\/2024\/07\/hsk-25-samandirali-kondenstop-termostatik-hava-tahliyeli-42712.jpg\" \/><meta itemprop=\"width\" content=\"630\" \/><meta itemprop=\"height\" content=\"221\" \/><meta itemprop=\"interactionType\" content=\"https:\/\/schema.org\/CommentAction\" \/><meta itemprop=\"userInteractionCount\" content=\"0\" \/>\n\t\t\t\t<a href=\"https:\/\/www.orjinalmuhendislik.com\/en\/urun\/samandirali\/\" target=\"_self\" itemprop=\"url\" rel=\"noopener\">\n\t\t\t\t<img loading=\"lazy\" decoding=\"async\" src=\"https:\/\/www.orjinalmuhendislik.com\/wp-content\/uploads\/2024\/07\/hsk-25-samandirali-kondenstop-termostatik-hava-tahliyeli-42712.jpg\" alt=\"hsk-25-samandirali-kondenstop-termostatik-hava-tahliyeli-42712\" itemprop=\"image\" data-no-lazy=\"1\" height=\"221\" width=\"630\" title=\"hsk-25-samandirali-kondenstop-termostatik-hava-tahliyeli-42712\" onerror=\"this.style.display='none'\"  \/>\n\t\t\t\t<\/a>\n\t\t\t\t\t\t\t\t\t<h3 itemprop=\"headline\">\n\t\t\t\t\t\t\t\t\t\t\t\t\t<a href=\"https:\/\/www.orjinalmuhendislik.com\/en\/urun\/samandirali\/\" title=\"Float Type Steam Trap\">\n\t\t\t\t\t\t\t\t\t\t\t\t\t\tFloat Type Steam Trap\t\t\t\t\t\t\t\t\t\t\t\t\t<\/a>\n\t\t\t\t\t\t\t\t\t\t\t<\/h3>\n    <a href=\"https:\/\/www.orjinalmuhendislik.com\/en\/urun\/samandirali\/\" title=\"Float Type Steam Trap\">\u00dcR\u00dcN\u00dc \u0130NCELE about \u015eamand\u0131ral\u0131<\/a>\n\t<meta itemscope itemprop=\"mainEntityOfPage\" itemtype=\"https:\/\/schema.org\/WebPage\" itemid=\"http:\/\/1123\" content=\"Vakum K\u0131r\u0131c\u0131\" \/><meta itemprop=\"datePublished\" content=\"2024-07-04\" \/><meta itemprop=\"dateModified\" content=\"2024-07-04\" \/><meta itemprop=\"name\" content=\"Orjinal M\u00fchendislik\"\/><meta itemprop=\"url\" content=\"https:\/\/www.orjinalmuhendislik.com\/wp-content\/uploads\/2024\/04\/logo-yan-transparent.png\"\/><meta itemprop=\"url\" content=\"https:\/\/www.orjinalmuhendislik.com\/author\/neso\/\" \/><meta itemprop=\"name\" content=\"Nesrin Yarar\" \/><meta itemprop=\"url\" content=\"https:\/\/www.orjinalmuhendislik.com\/wp-content\/uploads\/2024\/07\/hvk-35vakum-kirici-pirinc-61850.png\" \/><meta itemprop=\"width\" content=\"750\" \/><meta itemprop=\"height\" content=\"750\" \/><meta itemprop=\"interactionType\" content=\"https:\/\/schema.org\/CommentAction\" \/><meta itemprop=\"userInteractionCount\" content=\"0\" \/>\n\t\t\t\t<a href=\"https:\/\/www.orjinalmuhendislik.com\/en\/urun\/vakum-kirici\/\" target=\"_self\" itemprop=\"url\" rel=\"noopener\">\n\t\t\t\t<img loading=\"lazy\" decoding=\"async\" src=\"https:\/\/www.orjinalmuhendislik.com\/wp-content\/uploads\/2024\/07\/hvk-35vakum-kirici-pirinc-61850.png\" alt=\"hvk-35vakum-kirici-pirinc-61850\" itemprop=\"image\" data-no-lazy=\"1\" height=\"750\" width=\"750\" title=\"hvk-35vakum-kirici-pirinc-61850\" onerror=\"this.style.display='none'\"  \/>\n\t\t\t\t<\/a>\n\t\t\t\t\t\t\t\t\t<h3 itemprop=\"headline\">\n\t\t\t\t\t\t\t\t\t\t\t\t\t<a href=\"https:\/\/www.orjinalmuhendislik.com\/en\/urun\/vakum-kirici\/\" title=\"Vacuum Breaker\">\n\t\t\t\t\t\t\t\t\t\t\t\t\t\tVacuum Breaker\t\t\t\t\t\t\t\t\t\t\t\t\t<\/a>\n\t\t\t\t\t\t\t\t\t\t\t<\/h3>\n    <a href=\"https:\/\/www.orjinalmuhendislik.com\/en\/urun\/vakum-kirici\/\" title=\"Vacuum Breaker\">\u00dcR\u00dcN\u00dc \u0130NCELE about Vakum K\u0131r\u0131c\u0131<\/a>\n\t<meta itemscope itemprop=\"mainEntityOfPage\" itemtype=\"https:\/\/schema.org\/WebPage\" itemid=\"http:\/\/1124\" content=\"Bimetalik\" \/><meta itemprop=\"datePublished\" content=\"2024-07-04\" \/><meta itemprop=\"dateModified\" content=\"2024-07-04\" \/><meta itemprop=\"name\" content=\"Orjinal M\u00fchendislik\"\/><meta itemprop=\"url\" content=\"https:\/\/www.orjinalmuhendislik.com\/wp-content\/uploads\/2024\/04\/logo-yan-transparent.png\"\/><meta itemprop=\"url\" content=\"https:\/\/www.orjinalmuhendislik.com\/author\/neso\/\" \/><meta itemprop=\"name\" content=\"Nesrin Yarar\" \/><meta itemprop=\"url\" content=\"https:\/\/www.orjinalmuhendislik.com\/wp-content\/uploads\/2024\/07\/bimetalik-kondenstop-52257.png\" \/><meta itemprop=\"width\" content=\"600\" \/><meta itemprop=\"height\" content=\"750\" \/><meta itemprop=\"interactionType\" content=\"https:\/\/schema.org\/CommentAction\" \/><meta itemprop=\"userInteractionCount\" content=\"0\" \/>\n\t\t\t\t<a href=\"https:\/\/www.orjinalmuhendislik.com\/en\/urun\/bimetalik\/\" target=\"_self\" itemprop=\"url\" rel=\"noopener\">\n\t\t\t\t<img loading=\"lazy\" decoding=\"async\" src=\"https:\/\/www.orjinalmuhendislik.com\/wp-content\/uploads\/2024\/07\/bimetalik-kondenstop-52257.png\" alt=\"bimetalik-kondenstop-52257\" itemprop=\"image\" data-no-lazy=\"1\" height=\"750\" width=\"600\" title=\"bimetalik-kondenstop-52257\" onerror=\"this.style.display='none'\"  \/>\n\t\t\t\t<\/a>\n\t\t\t\t\t\t\t\t\t<h3 itemprop=\"headline\">\n\t\t\t\t\t\t\t\t\t\t\t\t\t<a href=\"https:\/\/www.orjinalmuhendislik.com\/en\/urun\/bimetalik\/\" title=\"Bi-Metallic Steam Trap\">\n\t\t\t\t\t\t\t\t\t\t\t\t\t\tBi-Metallic Steam Trap\t\t\t\t\t\t\t\t\t\t\t\t\t<\/a>\n\t\t\t\t\t\t\t\t\t\t\t<\/h3>\n    <a href=\"https:\/\/www.orjinalmuhendislik.com\/en\/urun\/bimetalik\/\" title=\"Bi-Metallic Steam Trap\">\u00dcR\u00dcN\u00dc \u0130NCELE about Bimetalik<\/a>\n\t<meta itemscope itemprop=\"mainEntityOfPage\" itemtype=\"https:\/\/schema.org\/WebPage\" itemid=\"http:\/\/1125\" content=\"Ters Koval\u0131\" \/><meta itemprop=\"datePublished\" content=\"2024-07-04\" \/><meta itemprop=\"dateModified\" content=\"2024-07-04\" \/><meta itemprop=\"name\" content=\"Orjinal M\u00fchendislik\"\/><meta itemprop=\"url\" content=\"https:\/\/www.orjinalmuhendislik.com\/wp-content\/uploads\/2024\/04\/logo-yan-transparent.png\"\/><meta itemprop=\"url\" content=\"https:\/\/www.orjinalmuhendislik.com\/author\/neso\/\" \/><meta itemprop=\"name\" content=\"Nesrin Yarar\" \/><meta itemprop=\"url\" content=\"https:\/\/www.orjinalmuhendislik.com\/wp-content\/uploads\/2024\/07\/nst_881sfe_pnosan.jpg\" \/><meta itemprop=\"width\" content=\"700\" \/><meta itemprop=\"height\" content=\"700\" \/><meta itemprop=\"interactionType\" content=\"https:\/\/schema.org\/CommentAction\" \/><meta itemprop=\"userInteractionCount\" content=\"0\" \/>\n\t\t\t\t<a href=\"https:\/\/www.orjinalmuhendislik.com\/en\/urun\/ters-kovali\/\" target=\"_self\" itemprop=\"url\" rel=\"noopener\">\n\t\t\t\t<img loading=\"lazy\" decoding=\"async\" src=\"https:\/\/www.orjinalmuhendislik.com\/wp-content\/uploads\/2024\/07\/nst_881sfe_pnosan.jpg\" alt=\"nst_881sfe_pnosan\" itemprop=\"image\" data-no-lazy=\"1\" height=\"700\" width=\"700\" title=\"nst_881sfe_pnosan\" onerror=\"this.style.display='none'\"  \/>\n\t\t\t\t<\/a>\n\t\t\t\t\t\t\t\t\t<h3 itemprop=\"headline\">\n\t\t\t\t\t\t\t\t\t\t\t\t\t<a href=\"https:\/\/www.orjinalmuhendislik.com\/en\/urun\/ters-kovali\/\" title=\"Inverted Bucket Steam Trap\">\n\t\t\t\t\t\t\t\t\t\t\t\t\t\tInverted Bucket Steam Trap\t\t\t\t\t\t\t\t\t\t\t\t\t<\/a>\n\t\t\t\t\t\t\t\t\t\t\t<\/h3>\n    <a href=\"https:\/\/www.orjinalmuhendislik.com\/en\/urun\/ters-kovali\/\" title=\"Inverted Bucket Steam Trap\">\u00dcR\u00dcN\u00dc \u0130NCELE about Ters Koval\u0131<\/a>\n\t<meta itemscope itemprop=\"mainEntityOfPage\" itemtype=\"https:\/\/schema.org\/WebPage\" itemid=\"http:\/\/1122\" content=\"Hava At\u0131c\u0131\" \/><meta itemprop=\"datePublished\" content=\"2024-07-04\" \/><meta itemprop=\"dateModified\" content=\"2024-07-04\" \/><meta itemprop=\"name\" content=\"Orjinal M\u00fchendislik\"\/><meta itemprop=\"url\" content=\"https:\/\/www.orjinalmuhendislik.com\/wp-content\/uploads\/2024\/04\/logo-yan-transparent.png\"\/><meta itemprop=\"url\" content=\"https:\/\/www.orjinalmuhendislik.com\/author\/neso\/\" \/><meta itemprop=\"name\" content=\"Nesrin Yarar\" \/><meta itemprop=\"url\" content=\"https:\/\/www.orjinalmuhendislik.com\/wp-content\/uploads\/2024\/07\/ha-21-11551.png\" \/><meta itemprop=\"width\" content=\"1000\" \/><meta itemprop=\"height\" content=\"716\" \/><meta itemprop=\"interactionType\" content=\"https:\/\/schema.org\/CommentAction\" \/><meta itemprop=\"userInteractionCount\" content=\"0\" \/>\n\t\t\t\t<a href=\"https:\/\/www.orjinalmuhendislik.com\/en\/urun\/hava-atici\/\" target=\"_self\" itemprop=\"url\" rel=\"noopener\">\n\t\t\t\t<img loading=\"lazy\" decoding=\"async\" src=\"https:\/\/www.orjinalmuhendislik.com\/wp-content\/uploads\/2024\/07\/ha-21-11551.png\" alt=\"ha-21-11551\" itemprop=\"image\" data-no-lazy=\"1\" height=\"716\" width=\"1000\" title=\"ha-21-11551\" onerror=\"this.style.display='none'\"  \/>\n\t\t\t\t<\/a>\n\t\t\t\t\t\t\t\t\t<h3 itemprop=\"headline\">\n\t\t\t\t\t\t\t\t\t\t\t\t\t<a href=\"https:\/\/www.orjinalmuhendislik.com\/en\/urun\/hava-atici\/\" title=\"Air Vent\">\n\t\t\t\t\t\t\t\t\t\t\t\t\t\tAir Vent\t\t\t\t\t\t\t\t\t\t\t\t\t<\/a>\n\t\t\t\t\t\t\t\t\t\t\t<\/h3>\n    <a href=\"https:\/\/www.orjinalmuhendislik.com\/en\/urun\/hava-atici\/\" title=\"Air Vent\">\u00dcR\u00dcN\u00dc \u0130NCELE about Hava At\u0131c\u0131<\/a>\n\t<meta itemscope itemprop=\"mainEntityOfPage\" itemtype=\"https:\/\/schema.org\/WebPage\" itemid=\"http:\/\/1121\" content=\"Buhar Seperat\u00f6r\u00fc\" \/><meta itemprop=\"datePublished\" content=\"2024-07-04\" \/><meta itemprop=\"dateModified\" content=\"2024-07-18\" \/><meta itemprop=\"name\" content=\"Orjinal M\u00fchendislik\"\/><meta itemprop=\"url\" content=\"https:\/\/www.orjinalmuhendislik.com\/wp-content\/uploads\/2024\/04\/logo-yan-transparent.png\"\/><meta itemprop=\"url\" content=\"https:\/\/www.orjinalmuhendislik.com\/author\/neso\/\" \/><meta itemprop=\"name\" content=\"Nesrin Yarar\" \/><meta itemprop=\"url\" content=\"https:\/\/www.orjinalmuhendislik.com\/wp-content\/uploads\/2024\/07\/indir.jpeg\" \/><meta itemprop=\"width\" content=\"573\" \/><meta itemprop=\"height\" content=\"399\" \/><meta itemprop=\"interactionType\" content=\"https:\/\/schema.org\/CommentAction\" \/><meta itemprop=\"userInteractionCount\" content=\"0\" \/>\n\t\t\t\t<a href=\"https:\/\/www.orjinalmuhendislik.com\/en\/urun\/buhar-seperatoru\/\" target=\"_self\" itemprop=\"url\" rel=\"noopener\">\n\t\t\t\t<img loading=\"lazy\" decoding=\"async\" src=\"https:\/\/www.orjinalmuhendislik.com\/wp-content\/uploads\/2024\/07\/indir.jpeg\" alt=\"indir\" itemprop=\"image\" data-no-lazy=\"1\" height=\"399\" width=\"573\" title=\"indir\" onerror=\"this.style.display='none'\"  \/>\n\t\t\t\t<\/a>\n\t\t\t\t\t\t\t\t\t<h3 itemprop=\"headline\">\n\t\t\t\t\t\t\t\t\t\t\t\t\t<a href=\"https:\/\/www.orjinalmuhendislik.com\/en\/urun\/buhar-seperatoru\/\" title=\"Steam and Air Separator\">\n\t\t\t\t\t\t\t\t\t\t\t\t\t\tSteam and Air Separator\t\t\t\t\t\t\t\t\t\t\t\t\t<\/a>\n\t\t\t\t\t\t\t\t\t\t\t<\/h3>\n    <a href=\"https:\/\/www.orjinalmuhendislik.com\/en\/urun\/buhar-seperatoru\/\" title=\"Steam and Air Separator\">\u00dcR\u00dcN\u00dc \u0130NCELE about Buhar Seperat\u00f6r\u00fc<\/a>\n\t<meta itemscope itemprop=\"mainEntityOfPage\" itemtype=\"https:\/\/schema.org\/WebPage\" itemid=\"http:\/\/1120\" content=\"Ak\u0131\u015f G\u00f6stergesi\" \/><meta itemprop=\"datePublished\" content=\"2024-07-04\" \/><meta itemprop=\"dateModified\" content=\"2024-07-04\" \/><meta itemprop=\"name\" content=\"Orjinal M\u00fchendislik\"\/><meta itemprop=\"url\" content=\"https:\/\/www.orjinalmuhendislik.com\/wp-content\/uploads\/2024\/04\/logo-yan-transparent.png\"\/><meta itemprop=\"url\" content=\"https:\/\/www.orjinalmuhendislik.com\/author\/neso\/\" \/><meta itemprop=\"name\" content=\"Nesrin Yarar\" \/><meta itemprop=\"url\" content=\"https:\/\/www.orjinalmuhendislik.com\/wp-content\/uploads\/2024\/07\/hlc-105-akis-gostergesi-11817.jpg\" \/><meta itemprop=\"width\" content=\"2303\" \/><meta itemprop=\"height\" content=\"1110\" \/><meta itemprop=\"interactionType\" content=\"https:\/\/schema.org\/CommentAction\" \/><meta itemprop=\"userInteractionCount\" content=\"0\" \/>\n\t\t\t\t<a href=\"https:\/\/www.orjinalmuhendislik.com\/en\/urun\/akis-gostergesi\/\" target=\"_self\" itemprop=\"url\" rel=\"noopener\">\n\t\t\t\t<img loading=\"lazy\" decoding=\"async\" src=\"https:\/\/www.orjinalmuhendislik.com\/wp-content\/uploads\/2024\/07\/hlc-105-akis-gostergesi-11817-1024x494.jpg\" alt=\"hlc-105-akis-gostergesi-11817\" itemprop=\"image\" data-no-lazy=\"1\" height=\"494\" width=\"1024\" title=\"hlc-105-akis-gostergesi-11817\" onerror=\"this.style.display='none'\"  \/>\n\t\t\t\t<\/a>\n\t\t\t\t\t\t\t\t\t<h3 itemprop=\"headline\">\n\t\t\t\t\t\t\t\t\t\t\t\t\t<a href=\"https:\/\/www.orjinalmuhendislik.com\/en\/urun\/akis-gostergesi\/\" title=\"Sight Glass\">\n\t\t\t\t\t\t\t\t\t\t\t\t\t\tSight Glass\t\t\t\t\t\t\t\t\t\t\t\t\t<\/a>\n\t\t\t\t\t\t\t\t\t\t\t<\/h3>\n    <a href=\"https:\/\/www.orjinalmuhendislik.com\/en\/urun\/akis-gostergesi\/\" title=\"Sight Glass\">\u00dcR\u00dcN\u00dc \u0130NCELE about Ak\u0131\u015f G\u00f6stergesi<\/a>\n\t<meta itemscope itemprop=\"mainEntityOfPage\" itemtype=\"https:\/\/schema.org\/WebPage\" itemid=\"http:\/\/1118\" content=\"S\u0131v\u0131 At\u0131c\u0131\" \/><meta itemprop=\"datePublished\" content=\"2024-07-03\" \/><meta itemprop=\"dateModified\" content=\"2024-07-03\" \/><meta itemprop=\"name\" content=\"Orjinal M\u00fchendislik\"\/><meta itemprop=\"url\" content=\"https:\/\/www.orjinalmuhendislik.com\/wp-content\/uploads\/2024\/04\/logo-yan-transparent.png\"\/><meta itemprop=\"url\" content=\"https:\/\/www.orjinalmuhendislik.com\/author\/neso\/\" \/><meta itemprop=\"name\" content=\"Nesrin Yarar\" \/><meta itemprop=\"url\" content=\"https:\/\/www.orjinalmuhendislik.com\/wp-content\/uploads\/2024\/07\/sa20-hava-devrelerinden-sivi-atici-60534-1.jpg\" \/><meta itemprop=\"width\" content=\"630\" \/><meta itemprop=\"height\" content=\"221\" \/><meta itemprop=\"interactionType\" content=\"https:\/\/schema.org\/CommentAction\" \/><meta itemprop=\"userInteractionCount\" content=\"0\" \/>\n\t\t\t\t<a href=\"https:\/\/www.orjinalmuhendislik.com\/en\/urun\/sivi-atici\/\" target=\"_self\" itemprop=\"url\" rel=\"noopener\">\n\t\t\t\t<img loading=\"lazy\" decoding=\"async\" src=\"https:\/\/www.orjinalmuhendislik.com\/wp-content\/uploads\/2024\/07\/sa20-hava-devrelerinden-sivi-atici-60534-1.jpg\" alt=\"sa20-hava-devrelerinden-sivi-atici-60534 (1)\" itemprop=\"image\" data-no-lazy=\"1\" height=\"221\" width=\"630\" title=\"sa20-hava-devrelerinden-sivi-atici-60534 (1)\" onerror=\"this.style.display='none'\"  \/>\n\t\t\t\t<\/a>\n\t\t\t\t\t\t\t\t\t<h3 itemprop=\"headline\">\n\t\t\t\t\t\t\t\t\t\t\t\t\t<a href=\"https:\/\/www.orjinalmuhendislik.com\/en\/urun\/sivi-atici\/\" title=\"Liquid Drainer\">\n\t\t\t\t\t\t\t\t\t\t\t\t\t\tLiquid Drainer\t\t\t\t\t\t\t\t\t\t\t\t\t<\/a>\n\t\t\t\t\t\t\t\t\t\t\t<\/h3>\n    <a href=\"https:\/\/www.orjinalmuhendislik.com\/en\/urun\/sivi-atici\/\" title=\"Liquid Drainer\">\u00dcR\u00dcN\u00dc \u0130NCELE about S\u0131v\u0131 At\u0131c\u0131<\/a>\n\t\t<!-- .pp-content-posts -->\n\t\t\t\t<img loading=\"lazy\" decoding=\"async\" src=\"https:\/\/www.orjinalmuhendislik.com\/wp-content\/uploads\/2024\/04\/logo-yan-transparent.png\" alt=\"logo yan transparent\" itemprop=\"image\" height=\"308\" width=\"800\" title=\"logo yan transparent\" onerror=\"this.style.display='none'\"  \/>\n\t<p>We accept quality as a standard, we commit to customer satisfaction in every project.<\/p>\n<h3>\n\t\tQuick Menu\n\t<\/h3>\n\t<nav aria-label=\"Main Men\u00fc 2\" itemscope=\"itemscope\" itemtype=\"https:\/\/schema.org\/SiteNavigationElement\">\n\t\t<ul id=\"menu-main-menu-2\"><li id=\"menu-item-811\"><a href=\"https:\/\/www.orjinalmuhendislik.com\/en\/\">Homepage<\/a><\/li><li id=\"menu-item-814\"><a href=\"https:\/\/www.orjinalmuhendislik.com\/en\/kurumsal\/\">Corporate<\/a><\/li><li id=\"menu-item-816\"><a href=\"https:\/\/www.orjinalmuhendislik.com\/en\/urunlerimiz\/\">Our Products<\/a><\/li><li id=\"menu-item-815\"><a href=\"https:\/\/www.orjinalmuhendislik.com\/en\/teknik-bilgiler\/\">Technical Information<\/a><\/li><li id=\"menu-item-813\"><a href=\"https:\/\/www.orjinalmuhendislik.com\/en\/iletisim\/\">Contact<\/a><\/li><\/ul>\n\t\t\t<\/nav>\n<h3>\n\t\tContact\n\t<\/h3>\n\t\t<ul>\n\t\t\t\t\t<li>\n\t\t\t\t\n\t\t<p><a href=\"https:\/\/www.google.com.tr\/maps\/place\/Numune+Evler,+%C5%9Eaban+Ak%C4%B1n+U%C3%A7ar+Cd.+No:60,+31600+D%C3%B6rtyol%2FHatay\/@36.8277404,36.2084662,19.21z\/data=!4m5!3m4!1s0x152f3f7d5047a65f:0x8f155ca9b2e22fb0!8m2!3d36.8275025!4d36.2089566?hl=tr&amp;entry=ttu&amp;g_ep=EgoyMDI0MTAwMS4wIKXMDSoASAFQAw%3D%3D\">Numune Evler Mh. \u015eaban Ak\u0131n U\u00e7ar Cd. No: 60 D\u00f6rtyol\/HATAY<\/a><\/p>\t\t\t\n\t\t\t<\/li>\n\t\t\t\t<\/ul>\n\t\t<ul>\n\t\t\t\t\t<li>\n\t\t\t\t\n\t\t<p><a href=\"mailto:info@orjinalmuhendislik.com\">info@orjinalmuhendislik.com<\/a><\/p>\t\t\t\n\t\t\t<\/li>\n\t\t\t\t<\/ul>\n\t\t<ul>\n\t\t\t\t\t<li>\n\t\t\t\t\n\t\t<p><a href=\"tel: 90 326 712 44 44\">+90 326 712 44 44<\/a><\/p>\t\t\t\n\t\t\t<\/li>\n\t\t\t\t<\/ul>\n\t\t<ul>\n\t\t\t\t\t<li>\n\t\t\t\t\n\t\t<p><a href=\"http:\/\/+90 544 270 01 41\" data-wplink-url-error=\"true\">+90 544 270 01 41<\/a> <\/p>\t\t\t\n\t\t\t<\/li>\n\t\t\t\t<\/ul>\n\t<p>\u00a9 2024 <strong>Orjinal\u00a0M\u00fchendislik<\/strong> All Rights Reserved. | <a href=\"https:\/\/www.orjinalmuhendislik.com\/en\/gizlilik-politikasi\/\">Privacy Policy<\/a><\/p>\n\t<p>Web Design <a href=\"http:\/\/www.digitalkure.com\" target=\"_blank\" rel=\"noopener\"><strong>Digital K\u00fcre<\/strong><\/a><\/p>","protected":false},"excerpt":{"rendered":"<p>Termostatik \u00dcR\u00dcN\u00dc \u0130NCELE about Termostatik &hellip;<\/p>\n<p class=\"read-more\"> <a class=\"\" href=\"https:\/\/www.orjinalmuhendislik.com\/en\/urunlerimiz\/kondenstoplar\/\"> <span class=\"screen-reader-text\">STEAM TRAPS<\/span> Read More \u00bb<\/a><\/p>","protected":false},"author":5,"featured_media":0,"parent":452,"menu_order":0,"comment_status":"closed","ping_status":"closed","template":"","meta":{"site-sidebar-layout":"no-sidebar","site-content-layout":"page-builder","ast-site-content-layout":"default","site-content-style":"default","site-sidebar-style":"default","ast-global-header-display":"","ast-banner-title-visibility":"","ast-main-header-display":"","ast-hfb-above-header-display":"","ast-hfb-below-header-display":"","ast-hfb-mobile-header-display":"","site-post-title":"disabled","ast-breadcrumbs-content":"","ast-featured-img":"disabled","footer-sml-layout":"","theme-transparent-header-meta":"default","adv-header-id-meta":"","stick-header-meta":"default","header-above-stick-meta":"","header-main-stick-meta":"","header-below-stick-meta":"","astra-migrate-meta-layouts":"set","ast-page-background-enabled":"default","ast-page-background-meta":{"desktop":{"background-color":"var(--ast-global-color-4)","background-image":"","background-repeat":"repeat","background-position":"center center","background-size":"auto","background-attachment":"scroll","background-type":"","background-media":"","overlay-type":"","overlay-color":"","overlay-gradient":""},"tablet":{"background-color":"","background-image":"","background-repeat":"repeat","background-position":"center center","background-size":"auto","background-attachment":"scroll","background-type":"","background-media":"","overlay-type":"","overlay-color":"","overlay-gradient":""},"mobile":{"background-color":"","background-image":"","background-repeat":"repeat","background-position":"center center","background-size":"auto","background-attachment":"scroll","background-type":"","background-media":"","overlay-type":"","overlay-color":"","overlay-gradient":""}},"ast-content-background-meta":{"desktop":{"background-color":"var(--ast-global-color-5)","background-image":"","background-repeat":"repeat","background-position":"center center","background-size":"auto","background-attachment":"scroll","background-type":"","background-media":"","overlay-type":"","overlay-color":"","overlay-gradient":""},"tablet":{"background-color":"var(--ast-global-color-5)","background-image":"","background-repeat":"repeat","background-position":"center center","background-size":"auto","background-attachment":"scroll","background-type":"","background-media":"","overlay-type":"","overlay-color":"","overlay-gradient":""},"mobile":{"background-color":"var(--ast-global-color-5)","background-image":"","background-repeat":"repeat","background-position":"center center","background-size":"auto","background-attachment":"scroll","background-type":"","background-media":"","overlay-type":"","overlay-color":"","overlay-gradient":""}},"_joinchat":[],"footnotes":""},"class_list":["post-1237","page","type-page","status-publish","hentry"],"acf":[],"_links":{"self":[{"href":"https:\/\/www.orjinalmuhendislik.com\/en\/wp-json\/wp\/v2\/pages\/1237","targetHints":{"allow":["GET"]}}],"collection":[{"href":"https:\/\/www.orjinalmuhendislik.com\/en\/wp-json\/wp\/v2\/pages"}],"about":[{"href":"https:\/\/www.orjinalmuhendislik.com\/en\/wp-json\/wp\/v2\/types\/page"}],"author":[{"embeddable":true,"href":"https:\/\/www.orjinalmuhendislik.com\/en\/wp-json\/wp\/v2\/users\/5"}],"replies":[{"embeddable":true,"href":"https:\/\/www.orjinalmuhendislik.com\/en\/wp-json\/wp\/v2\/comments?post=1237"}],"version-history":[{"count":5,"href":"https:\/\/www.orjinalmuhendislik.com\/en\/wp-json\/wp\/v2\/pages\/1237\/revisions"}],"predecessor-version":[{"id":1648,"href":"https:\/\/www.orjinalmuhendislik.com\/en\/wp-json\/wp\/v2\/pages\/1237\/revisions\/1648"}],"up":[{"embeddable":true,"href":"https:\/\/www.orjinalmuhendislik.com\/en\/wp-json\/wp\/v2\/pages\/452"}],"wp:attachment":[{"href":"https:\/\/www.orjinalmuhendislik.com\/en\/wp-json\/wp\/v2\/media?parent=1237"}],"curies":[{"name":"wp","href":"https:\/\/api.w.org\/{rel}","templated":true}]}}