{"id":1236,"date":"2024-07-04T12:59:13","date_gmt":"2024-07-04T09:59:13","guid":{"rendered":"https:\/\/www.orjinalmuhendislik.com\/?page_id=1236"},"modified":"2024-10-08T10:58:56","modified_gmt":"2024-10-08T07:58:56","slug":"kompansatorler","status":"publish","type":"page","link":"https:\/\/www.orjinalmuhendislik.com\/en\/urunlerimiz\/kompansatorler\/","title":{"rendered":"EXPANSION JOINT"},"content":{"rendered":"<meta itemscope itemprop=\"mainEntityOfPage\" itemtype=\"https:\/\/schema.org\/WebPage\" itemid=\"http:\/\/1115\" content=\"Kau\u00e7uk Kompansat\u00f6r\" \/><meta itemprop=\"datePublished\" content=\"2024-07-03\" \/><meta itemprop=\"dateModified\" content=\"2024-07-03\" \/><meta itemprop=\"name\" content=\"Orjinal M\u00fchendislik\"\/><meta itemprop=\"url\" content=\"https:\/\/www.orjinalmuhendislik.com\/wp-content\/uploads\/2024\/04\/logo-yan-transparent.png\"\/><meta itemprop=\"url\" content=\"https:\/\/www.orjinalmuhendislik.com\/author\/neso\/\" \/><meta itemprop=\"name\" content=\"Nesrin Yarar\" \/><meta itemprop=\"url\" content=\"https:\/\/www.orjinalmuhendislik.com\/wp-content\/uploads\/2024\/07\/hls-kks-kaucuk-kompansator-sfero-dokum-flansli-63049.jpg\" \/><meta itemprop=\"width\" content=\"1000\" \/><meta itemprop=\"height\" content=\"716\" \/><meta itemprop=\"interactionType\" content=\"https:\/\/schema.org\/CommentAction\" \/><meta itemprop=\"userInteractionCount\" content=\"0\" \/>\n\t\t\t\t<a href=\"https:\/\/www.orjinalmuhendislik.com\/en\/urun\/kaucuk-kompansator\/\" target=\"_self\" itemprop=\"url\" rel=\"noopener\">\n\t\t\t\t<img loading=\"lazy\" decoding=\"async\" src=\"https:\/\/www.orjinalmuhendislik.com\/wp-content\/uploads\/2024\/07\/hls-kks-kaucuk-kompansator-sfero-dokum-flansli-63049.jpg\" alt=\"hls-kks-kaucuk-kompansator-sfero-dokum-flansli-63049\" itemprop=\"image\" data-no-lazy=\"1\" height=\"716\" width=\"1000\" title=\"hls-kks-kaucuk-kompansator-sfero-dokum-flansli-63049\" onerror=\"this.style.display='none'\"  \/>\n\t\t\t\t<\/a>\n\t\t\t\t\t\t\t\t\t<h3 itemprop=\"headline\">\n\t\t\t\t\t\t\t\t\t\t\t\t\t<a href=\"https:\/\/www.orjinalmuhendislik.com\/en\/urun\/kaucuk-kompansator\/\" title=\"Rubber Expansion Joint\">\n\t\t\t\t\t\t\t\t\t\t\t\t\t\tRubber Expansion Joint\t\t\t\t\t\t\t\t\t\t\t\t\t<\/a>\n\t\t\t\t\t\t\t\t\t\t\t<\/h3>\n    <a href=\"https:\/\/www.orjinalmuhendislik.com\/en\/urun\/kaucuk-kompansator\/\" title=\"Rubber Expansion Joint\">\u00dcR\u00dcN\u00dc \u0130NCELE about Kau\u00e7uk Kompansat\u00f6r<\/a>\n\t<meta itemscope itemprop=\"mainEntityOfPage\" itemtype=\"https:\/\/schema.org\/WebPage\" itemid=\"http:\/\/1104\" content=\"Metal K\u00f6r\u00fckl\u00fc Eksenel Kompansat\u00f6r\" \/><meta itemprop=\"datePublished\" content=\"2024-07-03\" \/><meta itemprop=\"dateModified\" content=\"2024-07-03\" \/><meta itemprop=\"name\" content=\"Orjinal M\u00fchendislik\"\/><meta itemprop=\"url\" content=\"https:\/\/www.orjinalmuhendislik.com\/wp-content\/uploads\/2024\/04\/logo-yan-transparent.png\"\/><meta itemprop=\"url\" content=\"https:\/\/www.orjinalmuhendislik.com\/author\/neso\/\" \/><meta itemprop=\"name\" content=\"Nesrin Yarar\" \/><meta itemprop=\"url\" content=\"https:\/\/www.orjinalmuhendislik.com\/wp-content\/uploads\/2024\/07\/hls-mkd-metal-koruklu-eksenel-kompansator-doner-flansli-42553.jpg\" \/><meta itemprop=\"width\" content=\"1000\" \/><meta itemprop=\"height\" content=\"716\" \/><meta itemprop=\"interactionType\" content=\"https:\/\/schema.org\/CommentAction\" \/><meta itemprop=\"userInteractionCount\" content=\"0\" \/>\n\t\t\t\t<a href=\"https:\/\/www.orjinalmuhendislik.com\/en\/urun\/metal-koruklu-eksenel-kompansator\/\" target=\"_self\" itemprop=\"url\" rel=\"noopener\">\n\t\t\t\t<img loading=\"lazy\" decoding=\"async\" src=\"https:\/\/www.orjinalmuhendislik.com\/wp-content\/uploads\/2024\/07\/hls-mkd-metal-koruklu-eksenel-kompansator-doner-flansli-42553.jpg\" alt=\"hls-mkd-metal-koruklu-eksenel-kompansator-doner-flansli-42553\" itemprop=\"image\" data-no-lazy=\"1\" height=\"716\" width=\"1000\" title=\"hls-mkd-metal-koruklu-eksenel-kompansator-doner-flansli-42553\" onerror=\"this.style.display='none'\"  \/>\n\t\t\t\t<\/a>\n\t\t\t\t\t\t\t\t\t<h3 itemprop=\"headline\">\n\t\t\t\t\t\t\t\t\t\t\t\t\t<a href=\"https:\/\/www.orjinalmuhendislik.com\/en\/urun\/metal-koruklu-eksenel-kompansator\/\" title=\"Axial Expansion Joint\">\n\t\t\t\t\t\t\t\t\t\t\t\t\t\tAxial Expansion Joint\t\t\t\t\t\t\t\t\t\t\t\t\t<\/a>\n\t\t\t\t\t\t\t\t\t\t\t<\/h3>\n    <a href=\"https:\/\/www.orjinalmuhendislik.com\/en\/urun\/metal-koruklu-eksenel-kompansator\/\" title=\"Axial Expansion Joint\">\u00dcR\u00dcN\u00dc \u0130NCELE about Metal K\u00f6r\u00fckl\u00fc Eksenel Kompansat\u00f6r<\/a>\n\t<meta itemscope itemprop=\"mainEntityOfPage\" itemtype=\"https:\/\/schema.org\/WebPage\" itemid=\"http:\/\/1105\" content=\"D\u0131\u015ftan Bas\u0131n\u00e7l\u0131 Kompansat\u00f6r\" \/><meta itemprop=\"datePublished\" content=\"2024-07-03\" \/><meta itemprop=\"dateModified\" content=\"2024-07-03\" \/><meta itemprop=\"name\" content=\"Orjinal M\u00fchendislik\"\/><meta itemprop=\"url\" content=\"https:\/\/www.orjinalmuhendislik.com\/wp-content\/uploads\/2024\/04\/logo-yan-transparent.png\"\/><meta itemprop=\"url\" content=\"https:\/\/www.orjinalmuhendislik.com\/author\/neso\/\" \/><meta itemprop=\"name\" content=\"Nesrin Yarar\" \/><meta itemprop=\"url\" content=\"https:\/\/www.orjinalmuhendislik.com\/wp-content\/uploads\/2024\/07\/hls-dbf-distan-basincli-kompansator-flansli-43138.jpg\" \/><meta itemprop=\"width\" content=\"1000\" \/><meta itemprop=\"height\" content=\"716\" \/><meta itemprop=\"interactionType\" content=\"https:\/\/schema.org\/CommentAction\" \/><meta itemprop=\"userInteractionCount\" content=\"0\" \/>\n\t\t\t\t<a href=\"https:\/\/www.orjinalmuhendislik.com\/en\/urun\/distan-basincli-kompansator\/\" target=\"_self\" itemprop=\"url\" rel=\"noopener\">\n\t\t\t\t<img loading=\"lazy\" decoding=\"async\" src=\"https:\/\/www.orjinalmuhendislik.com\/wp-content\/uploads\/2024\/07\/hls-dbf-distan-basincli-kompansator-flansli-43138.jpg\" alt=\"hls-dbf-distan-basincli-kompansator-flansli-43138\" itemprop=\"image\" data-no-lazy=\"1\" height=\"716\" width=\"1000\" title=\"hls-dbf-distan-basincli-kompansator-flansli-43138\" onerror=\"this.style.display='none'\"  \/>\n\t\t\t\t<\/a>\n\t\t\t\t\t\t\t\t\t<h3 itemprop=\"headline\">\n\t\t\t\t\t\t\t\t\t\t\t\t\t<a href=\"https:\/\/www.orjinalmuhendislik.com\/en\/urun\/distan-basincli-kompansator\/\" title=\"Externally Pressurized Expansion Joint\">\n\t\t\t\t\t\t\t\t\t\t\t\t\t\tExternally Pressurized Expansion Joint\t\t\t\t\t\t\t\t\t\t\t\t\t<\/a>\n\t\t\t\t\t\t\t\t\t\t\t<\/h3>\n    <a href=\"https:\/\/www.orjinalmuhendislik.com\/en\/urun\/distan-basincli-kompansator\/\" title=\"Externally Pressurized Expansion Joint\">\u00dcR\u00dcN\u00dc \u0130NCELE about D\u0131\u015ftan Bas\u0131n\u00e7l\u0131 Kompansat\u00f6r<\/a>\n\t<meta itemscope itemprop=\"mainEntityOfPage\" itemtype=\"https:\/\/schema.org\/WebPage\" itemid=\"http:\/\/1106\" content=\"Limitrotlu Dilatasyon Kompansat\u00f6r\u00fc\" \/><meta itemprop=\"datePublished\" content=\"2024-07-03\" \/><meta itemprop=\"dateModified\" content=\"2024-07-03\" \/><meta itemprop=\"name\" content=\"Orjinal M\u00fchendislik\"\/><meta itemprop=\"url\" content=\"https:\/\/www.orjinalmuhendislik.com\/wp-content\/uploads\/2024\/04\/logo-yan-transparent.png\"\/><meta itemprop=\"url\" content=\"https:\/\/www.orjinalmuhendislik.com\/author\/neso\/\" \/><meta itemprop=\"name\" content=\"Nesrin Yarar\" \/><meta itemprop=\"url\" content=\"https:\/\/www.orjinalmuhendislik.com\/wp-content\/uploads\/2024\/07\/hls-lrf-limitrotlu-dilatasyon-kompansatoru-flansli-43913.jpg\" \/><meta itemprop=\"width\" content=\"1000\" \/><meta itemprop=\"height\" content=\"716\" \/><meta itemprop=\"interactionType\" content=\"https:\/\/schema.org\/CommentAction\" \/><meta itemprop=\"userInteractionCount\" content=\"0\" \/>\n\t\t\t\t<a href=\"https:\/\/www.orjinalmuhendislik.com\/en\/urun\/limitrotlu-dilatasyon-kompansatoru\/\" target=\"_self\" itemprop=\"url\" rel=\"noopener\">\n\t\t\t\t<img loading=\"lazy\" decoding=\"async\" src=\"https:\/\/www.orjinalmuhendislik.com\/wp-content\/uploads\/2024\/07\/hls-lrf-limitrotlu-dilatasyon-kompansatoru-flansli-43913.jpg\" alt=\"hls-lrf-limitrotlu-dilatasyon-kompansatoru-flansli-43913\" itemprop=\"image\" data-no-lazy=\"1\" height=\"716\" width=\"1000\" title=\"hls-lrf-limitrotlu-dilatasyon-kompansatoru-flansli-43913\" onerror=\"this.style.display='none'\"  \/>\n\t\t\t\t<\/a>\n\t\t\t\t\t\t\t\t\t<h3 itemprop=\"headline\">\n\t\t\t\t\t\t\t\t\t\t\t\t\t<a href=\"https:\/\/www.orjinalmuhendislik.com\/en\/urun\/limitrotlu-dilatasyon-kompansatoru\/\" title=\"UNIVERSAL TIED EXPANSION JOINTS\">\n\t\t\t\t\t\t\t\t\t\t\t\t\t\tUNIVERSAL TIED EXPANSION JOINTS\t\t\t\t\t\t\t\t\t\t\t\t\t<\/a>\n\t\t\t\t\t\t\t\t\t\t\t<\/h3>\n    <a href=\"https:\/\/www.orjinalmuhendislik.com\/en\/urun\/limitrotlu-dilatasyon-kompansatoru\/\" title=\"UNIVERSAL TIED EXPANSION JOINTS\">\u00dcR\u00dcN\u00dc \u0130NCELE about Limitrotlu Dilatasyon Kompansat\u00f6r\u00fc<\/a>\n\t<meta itemscope itemprop=\"mainEntityOfPage\" itemtype=\"https:\/\/schema.org\/WebPage\" itemid=\"http:\/\/1107\" content=\"Limitrotlu Titre\u015fim Yutucu Kompansat\u00f6r\" \/><meta itemprop=\"datePublished\" content=\"2024-07-03\" \/><meta itemprop=\"dateModified\" content=\"2024-07-03\" \/><meta itemprop=\"name\" content=\"Orjinal M\u00fchendislik\"\/><meta itemprop=\"url\" content=\"https:\/\/www.orjinalmuhendislik.com\/wp-content\/uploads\/2024\/04\/logo-yan-transparent.png\"\/><meta itemprop=\"url\" content=\"https:\/\/www.orjinalmuhendislik.com\/author\/neso\/\" \/><meta itemprop=\"name\" content=\"Nesrin Yarar\" \/><meta itemprop=\"url\" content=\"https:\/\/www.orjinalmuhendislik.com\/wp-content\/uploads\/2024\/07\/hls-lrty-limitrotlu-titresim-yutucu-kompansator-60403.jpg\" \/><meta itemprop=\"width\" content=\"1000\" \/><meta itemprop=\"height\" content=\"716\" \/><meta itemprop=\"interactionType\" content=\"https:\/\/schema.org\/CommentAction\" \/><meta itemprop=\"userInteractionCount\" content=\"0\" \/>\n\t\t\t\t<a href=\"https:\/\/www.orjinalmuhendislik.com\/en\/urun\/limitrotlu-titresim-yutucu-kompansator\/\" target=\"_self\" itemprop=\"url\" rel=\"noopener\">\n\t\t\t\t<img loading=\"lazy\" decoding=\"async\" src=\"https:\/\/www.orjinalmuhendislik.com\/wp-content\/uploads\/2024\/07\/hls-lrty-limitrotlu-titresim-yutucu-kompansator-60403.jpg\" alt=\"hls-lrty-limitrotlu-titresim-yutucu-kompansator-60403\" itemprop=\"image\" data-no-lazy=\"1\" height=\"716\" width=\"1000\" title=\"hls-lrty-limitrotlu-titresim-yutucu-kompansator-60403\" onerror=\"this.style.display='none'\"  \/>\n\t\t\t\t<\/a>\n\t\t\t\t\t\t\t\t\t<h3 itemprop=\"headline\">\n\t\t\t\t\t\t\t\t\t\t\t\t\t<a href=\"https:\/\/www.orjinalmuhendislik.com\/en\/urun\/limitrotlu-titresim-yutucu-kompansator\/\" title=\"Vibration Absorber\">\n\t\t\t\t\t\t\t\t\t\t\t\t\t\tVibration Absorber\t\t\t\t\t\t\t\t\t\t\t\t\t<\/a>\n\t\t\t\t\t\t\t\t\t\t\t<\/h3>\n    <a href=\"https:\/\/www.orjinalmuhendislik.com\/en\/urun\/limitrotlu-titresim-yutucu-kompansator\/\" title=\"Vibration Absorber\">\u00dcR\u00dcN\u00dc \u0130NCELE about Limitrotlu Titre\u015fim Yutucu Kompansat\u00f6r<\/a>\n\t<meta itemscope itemprop=\"mainEntityOfPage\" itemtype=\"https:\/\/schema.org\/WebPage\" itemid=\"http:\/\/1103\" content=\"Kardan Mafsall\u0131 Dilatasyon ve Deprem Kompansat\u00f6r\u00fc\" \/><meta itemprop=\"datePublished\" content=\"2024-07-03\" \/><meta itemprop=\"dateModified\" content=\"2024-07-03\" \/><meta itemprop=\"name\" content=\"Orjinal M\u00fchendislik\"\/><meta itemprop=\"url\" content=\"https:\/\/www.orjinalmuhendislik.com\/wp-content\/uploads\/2024\/04\/logo-yan-transparent.png\"\/><meta itemprop=\"url\" content=\"https:\/\/www.orjinalmuhendislik.com\/author\/neso\/\" \/><meta itemprop=\"name\" content=\"Nesrin Yarar\" \/><meta itemprop=\"url\" content=\"https:\/\/www.orjinalmuhendislik.com\/wp-content\/uploads\/2024\/07\/hls-kmy-kardan-mafsalli-sismik-dilatasyon-ve-deprem-kompansatoru-yivli-oluklu-51104.jpg\" \/><meta itemprop=\"width\" content=\"1000\" \/><meta itemprop=\"height\" content=\"716\" \/><meta itemprop=\"interactionType\" content=\"https:\/\/schema.org\/CommentAction\" \/><meta itemprop=\"userInteractionCount\" content=\"0\" \/>\n\t\t\t\t<a href=\"https:\/\/www.orjinalmuhendislik.com\/en\/urun\/kardan-mafsalli-dilatasyon-ve-deprem-kompansatoru\/\" target=\"_self\" itemprop=\"url\" rel=\"noopener\">\n\t\t\t\t<img loading=\"lazy\" decoding=\"async\" src=\"https:\/\/www.orjinalmuhendislik.com\/wp-content\/uploads\/2024\/07\/hls-kmy-kardan-mafsalli-sismik-dilatasyon-ve-deprem-kompansatoru-yivli-oluklu-51104.jpg\" alt=\"hls-kmy-kardan-mafsalli-sismik-dilatasyon-ve-deprem-kompansatoru-yivli-oluklu-51104\" itemprop=\"image\" data-no-lazy=\"1\" height=\"716\" width=\"1000\" title=\"hls-kmy-kardan-mafsalli-sismik-dilatasyon-ve-deprem-kompansatoru-yivli-oluklu-51104\" onerror=\"this.style.display='none'\"  \/>\n\t\t\t\t<\/a>\n\t\t\t\t\t\t\t\t\t<h3 itemprop=\"headline\">\n\t\t\t\t\t\t\t\t\t\t\t\t\t<a href=\"https:\/\/www.orjinalmuhendislik.com\/en\/urun\/kardan-mafsalli-dilatasyon-ve-deprem-kompansatoru\/\" title=\"Double Gimbal Expansion Joints\">\n\t\t\t\t\t\t\t\t\t\t\t\t\t\tDouble Gimbal Expansion Joints\t\t\t\t\t\t\t\t\t\t\t\t\t<\/a>\n\t\t\t\t\t\t\t\t\t\t\t<\/h3>\n    <a href=\"https:\/\/www.orjinalmuhendislik.com\/en\/urun\/kardan-mafsalli-dilatasyon-ve-deprem-kompansatoru\/\" title=\"Double Gimbal Expansion Joints\">\u00dcR\u00dcN\u00dc \u0130NCELE about Kardan Mafsall\u0131 Dilatasyon ve Deprem Kompansat\u00f6r\u00fc<\/a>\n\t<meta itemscope itemprop=\"mainEntityOfPage\" itemtype=\"https:\/\/schema.org\/WebPage\" itemid=\"http:\/\/1102\" content=\"Boru Kompansat\u00f6r\u00fc\" \/><meta itemprop=\"datePublished\" content=\"2024-07-03\" \/><meta itemprop=\"dateModified\" content=\"2024-07-03\" \/><meta itemprop=\"name\" content=\"Orjinal M\u00fchendislik\"\/><meta itemprop=\"url\" content=\"https:\/\/www.orjinalmuhendislik.com\/wp-content\/uploads\/2024\/04\/logo-yan-transparent.png\"\/><meta itemprop=\"url\" content=\"https:\/\/www.orjinalmuhendislik.com\/author\/neso\/\" \/><meta itemprop=\"name\" content=\"Nesrin Yarar\" \/><meta itemprop=\"url\" content=\"https:\/\/www.orjinalmuhendislik.com\/wp-content\/uploads\/2024\/07\/hls-bkd-bkb-boru-kompansatoru-60637.jpg\" \/><meta itemprop=\"width\" content=\"1000\" \/><meta itemprop=\"height\" content=\"716\" \/><meta itemprop=\"interactionType\" content=\"https:\/\/schema.org\/CommentAction\" \/><meta itemprop=\"userInteractionCount\" content=\"0\" \/>\n\t\t\t\t<a href=\"https:\/\/www.orjinalmuhendislik.com\/en\/urun\/boru-kompansatoru\/\" target=\"_self\" itemprop=\"url\" rel=\"noopener\">\n\t\t\t\t<img loading=\"lazy\" decoding=\"async\" src=\"https:\/\/www.orjinalmuhendislik.com\/wp-content\/uploads\/2024\/07\/hls-bkd-bkb-boru-kompansatoru-60637.jpg\" alt=\"hls-bkd-bkb-boru-kompansatoru-60637\" itemprop=\"image\" data-no-lazy=\"1\" height=\"716\" width=\"1000\" title=\"hls-bkd-bkb-boru-kompansatoru-60637\" onerror=\"this.style.display='none'\"  \/>\n\t\t\t\t<\/a>\n\t\t\t\t\t\t\t\t\t<h3 itemprop=\"headline\">\n\t\t\t\t\t\t\t\t\t\t\t\t\t<a href=\"https:\/\/www.orjinalmuhendislik.com\/en\/urun\/boru-kompansatoru\/\" title=\"Pipe Expansion Joint\">\n\t\t\t\t\t\t\t\t\t\t\t\t\t\tPipe Expansion Joint\t\t\t\t\t\t\t\t\t\t\t\t\t<\/a>\n\t\t\t\t\t\t\t\t\t\t\t<\/h3>\n    <a href=\"https:\/\/www.orjinalmuhendislik.com\/en\/urun\/boru-kompansatoru\/\" title=\"Pipe Expansion Joint\">\u00dcR\u00dcN\u00dc \u0130NCELE about Boru Kompansat\u00f6r\u00fc<\/a>\n\t<meta itemscope itemprop=\"mainEntityOfPage\" itemtype=\"https:\/\/schema.org\/WebPage\" itemid=\"http:\/\/1101\" content=\"Lens Kompansat\u00f6r \u00c7e\u015fitleri\" \/><meta itemprop=\"datePublished\" content=\"2024-07-03\" \/><meta itemprop=\"dateModified\" content=\"2024-07-03\" \/><meta itemprop=\"name\" content=\"Orjinal M\u00fchendislik\"\/><meta itemprop=\"url\" content=\"https:\/\/www.orjinalmuhendislik.com\/wp-content\/uploads\/2024\/04\/logo-yan-transparent.png\"\/><meta itemprop=\"url\" content=\"https:\/\/www.orjinalmuhendislik.com\/author\/neso\/\" \/><meta itemprop=\"name\" content=\"Nesrin Yarar\" \/><meta itemprop=\"url\" content=\"https:\/\/www.orjinalmuhendislik.com\/wp-content\/uploads\/2024\/07\/lens-komapsantor-65207.jpg\" \/><meta itemprop=\"width\" content=\"1000\" \/><meta itemprop=\"height\" content=\"716\" \/><meta itemprop=\"interactionType\" content=\"https:\/\/schema.org\/CommentAction\" \/><meta itemprop=\"userInteractionCount\" content=\"0\" \/>\n\t\t\t\t<a href=\"https:\/\/www.orjinalmuhendislik.com\/en\/urun\/lens-kompansator-cesitleri\/\" target=\"_self\" itemprop=\"url\" rel=\"noopener\">\n\t\t\t\t<img loading=\"lazy\" decoding=\"async\" src=\"https:\/\/www.orjinalmuhendislik.com\/wp-content\/uploads\/2024\/07\/lens-komapsantor-65207.jpg\" alt=\"lens-komapsantor-65207\" itemprop=\"image\" data-no-lazy=\"1\" height=\"716\" width=\"1000\" title=\"lens-komapsantor-65207\" onerror=\"this.style.display='none'\"  \/>\n\t\t\t\t<\/a>\n\t\t\t\t\t\t\t\t\t<h3 itemprop=\"headline\">\n\t\t\t\t\t\t\t\t\t\t\t\t\t<a href=\"https:\/\/www.orjinalmuhendislik.com\/en\/urun\/lens-kompansator-cesitleri\/\" title=\"Lens Type expansion joint\">\n\t\t\t\t\t\t\t\t\t\t\t\t\t\tLens Type expansion joint\t\t\t\t\t\t\t\t\t\t\t\t\t<\/a>\n\t\t\t\t\t\t\t\t\t\t\t<\/h3>\n    <a href=\"https:\/\/www.orjinalmuhendislik.com\/en\/urun\/lens-kompansator-cesitleri\/\" title=\"Lens Type expansion joint\">\u00dcR\u00dcN\u00dc \u0130NCELE about Lens Kompansat\u00f6r \u00c7e\u015fitleri<\/a>\n\t<meta itemscope itemprop=\"mainEntityOfPage\" itemtype=\"https:\/\/schema.org\/WebPage\" itemid=\"http:\/\/1099\" content=\"Kare Kompansat\u00f6rler\" \/><meta itemprop=\"datePublished\" content=\"2024-07-03\" \/><meta itemprop=\"dateModified\" content=\"2024-07-03\" \/><meta itemprop=\"name\" content=\"Orjinal M\u00fchendislik\"\/><meta itemprop=\"url\" content=\"https:\/\/www.orjinalmuhendislik.com\/wp-content\/uploads\/2024\/04\/logo-yan-transparent.png\"\/><meta itemprop=\"url\" content=\"https:\/\/www.orjinalmuhendislik.com\/author\/neso\/\" \/><meta itemprop=\"name\" content=\"Nesrin Yarar\" \/><meta itemprop=\"url\" content=\"https:\/\/www.orjinalmuhendislik.com\/wp-content\/uploads\/2024\/07\/kare-kompansator-65315.png\" \/><meta itemprop=\"width\" content=\"821\" \/><meta itemprop=\"height\" content=\"811\" \/><meta itemprop=\"interactionType\" content=\"https:\/\/schema.org\/CommentAction\" \/><meta itemprop=\"userInteractionCount\" content=\"0\" \/>\n\t\t\t\t<a href=\"https:\/\/www.orjinalmuhendislik.com\/en\/urun\/kare-kompansatorler\/\" target=\"_self\" itemprop=\"url\" rel=\"noopener\">\n\t\t\t\t<img loading=\"lazy\" decoding=\"async\" src=\"https:\/\/www.orjinalmuhendislik.com\/wp-content\/uploads\/2024\/07\/kare-kompansator-65315.png\" alt=\"kare-kompansator-65315\" itemprop=\"image\" data-no-lazy=\"1\" height=\"811\" width=\"821\" title=\"kare-kompansator-65315\" onerror=\"this.style.display='none'\"  \/>\n\t\t\t\t<\/a>\n\t\t\t\t\t\t\t\t\t<h3 itemprop=\"headline\">\n\t\t\t\t\t\t\t\t\t\t\t\t\t<a href=\"https:\/\/www.orjinalmuhendislik.com\/en\/urun\/kare-kompansatorler\/\" title=\"Square Expansion Joints\">\n\t\t\t\t\t\t\t\t\t\t\t\t\t\tSquare Expansion Joints\t\t\t\t\t\t\t\t\t\t\t\t\t<\/a>\n\t\t\t\t\t\t\t\t\t\t\t<\/h3>\n    <a href=\"https:\/\/www.orjinalmuhendislik.com\/en\/urun\/kare-kompansatorler\/\" title=\"Square Expansion Joints\">\u00dcR\u00dcN\u00dc \u0130NCELE about Kare Kompansat\u00f6rler<\/a>\n\t\t<!-- .pp-content-posts -->\n\t\t\t\t<img loading=\"lazy\" decoding=\"async\" src=\"https:\/\/www.orjinalmuhendislik.com\/wp-content\/uploads\/2024\/04\/logo-yan-transparent.png\" alt=\"logo yan transparent\" itemprop=\"image\" height=\"308\" width=\"800\" title=\"logo yan transparent\" onerror=\"this.style.display='none'\"  \/>\n\t<p>We accept quality as a standard, we commit to customer satisfaction in every project.<\/p>\n<h3>\n\t\tQuick Menu\n\t<\/h3>\n\t<nav aria-label=\"Main Men\u00fc 2\" itemscope=\"itemscope\" itemtype=\"https:\/\/schema.org\/SiteNavigationElement\">\n\t\t<ul id=\"menu-main-menu-2\"><li id=\"menu-item-811\"><a href=\"https:\/\/www.orjinalmuhendislik.com\/en\/\">Homepage<\/a><\/li><li id=\"menu-item-814\"><a href=\"https:\/\/www.orjinalmuhendislik.com\/en\/kurumsal\/\">Corporate<\/a><\/li><li id=\"menu-item-816\"><a href=\"https:\/\/www.orjinalmuhendislik.com\/en\/urunlerimiz\/\">Our Products<\/a><\/li><li id=\"menu-item-815\"><a href=\"https:\/\/www.orjinalmuhendislik.com\/en\/teknik-bilgiler\/\">Technical Information<\/a><\/li><li id=\"menu-item-813\"><a href=\"https:\/\/www.orjinalmuhendislik.com\/en\/iletisim\/\">Contact<\/a><\/li><\/ul>\n\t\t\t<\/nav>\n<h3>\n\t\tContact\n\t<\/h3>\n\t\t<ul>\n\t\t\t\t\t<li>\n\t\t\t\t\n\t\t<p><a href=\"https:\/\/www.google.com.tr\/maps\/place\/Numune+Evler,+%C5%9Eaban+Ak%C4%B1n+U%C3%A7ar+Cd.+No:60,+31600+D%C3%B6rtyol%2FHatay\/@36.8277404,36.2084662,19.21z\/data=!4m5!3m4!1s0x152f3f7d5047a65f:0x8f155ca9b2e22fb0!8m2!3d36.8275025!4d36.2089566?hl=tr&amp;entry=ttu&amp;g_ep=EgoyMDI0MTAwMS4wIKXMDSoASAFQAw%3D%3D\">Numune Evler Mh. \u015eaban Ak\u0131n U\u00e7ar Cd. No: 60 D\u00f6rtyol\/HATAY<\/a><\/p>\t\t\t\n\t\t\t<\/li>\n\t\t\t\t<\/ul>\n\t\t<ul>\n\t\t\t\t\t<li>\n\t\t\t\t\n\t\t<p><a href=\"mailto:info@orjinalmuhendislik.com\">info@orjinalmuhendislik.com<\/a><\/p>\t\t\t\n\t\t\t<\/li>\n\t\t\t\t<\/ul>\n\t\t<ul>\n\t\t\t\t\t<li>\n\t\t\t\t\n\t\t<p><a href=\"tel: 90 326 712 44 44\">+90 326 712 44 44<\/a><\/p>\t\t\t\n\t\t\t<\/li>\n\t\t\t\t<\/ul>\n\t\t<ul>\n\t\t\t\t\t<li>\n\t\t\t\t\n\t\t<p><a href=\"http:\/\/+90 544 270 01 41\" data-wplink-url-error=\"true\">+90 544 270 01 41<\/a> <\/p>\t\t\t\n\t\t\t<\/li>\n\t\t\t\t<\/ul>\n\t<p>\u00a9 2024 <strong>Orjinal\u00a0M\u00fchendislik<\/strong> All Rights Reserved. | <a href=\"https:\/\/www.orjinalmuhendislik.com\/en\/gizlilik-politikasi\/\">Privacy Policy<\/a><\/p>\n\t<p>Web Design <a href=\"http:\/\/www.digitalkure.com\" target=\"_blank\" rel=\"noopener\"><strong>Digital K\u00fcre<\/strong><\/a><\/p>","protected":false},"excerpt":{"rendered":"<p>Kau\u00e7uk Kompansat\u00f6r \u00dcR\u00dcN\u00dc \u0130NCELE about &hellip;<\/p>\n<p class=\"read-more\"> <a class=\"\" href=\"https:\/\/www.orjinalmuhendislik.com\/en\/urunlerimiz\/kompansatorler\/\"> <span class=\"screen-reader-text\">EXPANSION JOINT<\/span> Read More \u00bb<\/a><\/p>","protected":false},"author":5,"featured_media":0,"parent":452,"menu_order":0,"comment_status":"closed","ping_status":"closed","template":"","meta":{"site-sidebar-layout":"no-sidebar","site-content-layout":"page-builder","ast-site-content-layout":"default","site-content-style":"default","site-sidebar-style":"default","ast-global-header-display":"","ast-banner-title-visibility":"","ast-main-header-display":"","ast-hfb-above-header-display":"","ast-hfb-below-header-display":"","ast-hfb-mobile-header-display":"","site-post-title":"disabled","ast-breadcrumbs-content":"","ast-featured-img":"disabled","footer-sml-layout":"","theme-transparent-header-meta":"default","adv-header-id-meta":"","stick-header-meta":"default","header-above-stick-meta":"","header-main-stick-meta":"","header-below-stick-meta":"","astra-migrate-meta-layouts":"set","ast-page-background-enabled":"default","ast-page-background-meta":{"desktop":{"background-color":"var(--ast-global-color-4)","background-image":"","background-repeat":"repeat","background-position":"center center","background-size":"auto","background-attachment":"scroll","background-type":"","background-media":"","overlay-type":"","overlay-color":"","overlay-gradient":""},"tablet":{"background-color":"","background-image":"","background-repeat":"repeat","background-position":"center center","background-size":"auto","background-attachment":"scroll","background-type":"","background-media":"","overlay-type":"","overlay-color":"","overlay-gradient":""},"mobile":{"background-color":"","background-image":"","background-repeat":"repeat","background-position":"center center","background-size":"auto","background-attachment":"scroll","background-type":"","background-media":"","overlay-type":"","overlay-color":"","overlay-gradient":""}},"ast-content-background-meta":{"desktop":{"background-color":"var(--ast-global-color-5)","background-image":"","background-repeat":"repeat","background-position":"center center","background-size":"auto","background-attachment":"scroll","background-type":"","background-media":"","overlay-type":"","overlay-color":"","overlay-gradient":""},"tablet":{"background-color":"var(--ast-global-color-5)","background-image":"","background-repeat":"repeat","background-position":"center center","background-size":"auto","background-attachment":"scroll","background-type":"","background-media":"","overlay-type":"","overlay-color":"","overlay-gradient":""},"mobile":{"background-color":"var(--ast-global-color-5)","background-image":"","background-repeat":"repeat","background-position":"center center","background-size":"auto","background-attachment":"scroll","background-type":"","background-media":"","overlay-type":"","overlay-color":"","overlay-gradient":""}},"_joinchat":[],"footnotes":""},"class_list":["post-1236","page","type-page","status-publish","hentry"],"acf":[],"_links":{"self":[{"href":"https:\/\/www.orjinalmuhendislik.com\/en\/wp-json\/wp\/v2\/pages\/1236","targetHints":{"allow":["GET"]}}],"collection":[{"href":"https:\/\/www.orjinalmuhendislik.com\/en\/wp-json\/wp\/v2\/pages"}],"about":[{"href":"https:\/\/www.orjinalmuhendislik.com\/en\/wp-json\/wp\/v2\/types\/page"}],"author":[{"embeddable":true,"href":"https:\/\/www.orjinalmuhendislik.com\/en\/wp-json\/wp\/v2\/users\/5"}],"replies":[{"embeddable":true,"href":"https:\/\/www.orjinalmuhendislik.com\/en\/wp-json\/wp\/v2\/comments?post=1236"}],"version-history":[{"count":5,"href":"https:\/\/www.orjinalmuhendislik.com\/en\/wp-json\/wp\/v2\/pages\/1236\/revisions"}],"predecessor-version":[{"id":1649,"href":"https:\/\/www.orjinalmuhendislik.com\/en\/wp-json\/wp\/v2\/pages\/1236\/revisions\/1649"}],"up":[{"embeddable":true,"href":"https:\/\/www.orjinalmuhendislik.com\/en\/wp-json\/wp\/v2\/pages\/452"}],"wp:attachment":[{"href":"https:\/\/www.orjinalmuhendislik.com\/en\/wp-json\/wp\/v2\/media?parent=1236"}],"curies":[{"name":"wp","href":"https:\/\/api.w.org\/{rel}","templated":true}]}}