{"id":1231,"date":"2024-07-04T12:59:23","date_gmt":"2024-07-04T09:59:23","guid":{"rendered":"https:\/\/www.orjinalmuhendislik.com\/?page_id=1231"},"modified":"2024-10-08T11:02:53","modified_gmt":"2024-10-08T08:02:53","slug":"olcum-enstrumanlari","status":"publish","type":"page","link":"https:\/\/www.orjinalmuhendislik.com\/en\/urunlerimiz\/olcum-enstrumanlari\/","title":{"rendered":"MEASURING INSTRUMENTS"},"content":{"rendered":"<meta itemscope itemprop=\"mainEntityOfPage\" itemtype=\"https:\/\/schema.org\/WebPage\" itemid=\"http:\/\/1008\" content=\"S\u0131cakl\u0131k Transmitterleri\" \/><meta itemprop=\"datePublished\" content=\"2024-07-03\" \/><meta itemprop=\"dateModified\" content=\"2024-07-03\" \/><meta itemprop=\"name\" content=\"Orjinal M\u00fchendislik\"\/><meta itemprop=\"url\" content=\"https:\/\/www.orjinalmuhendislik.com\/wp-content\/uploads\/2024\/04\/logo-yan-transparent.png\"\/><meta itemprop=\"url\" content=\"https:\/\/www.orjinalmuhendislik.com\/author\/neso\/\" \/><meta itemprop=\"name\" content=\"Nesrin Yarar\" \/><meta itemprop=\"url\" content=\"https:\/\/www.orjinalmuhendislik.com\/wp-content\/uploads\/2024\/07\/b-rtd-pt100-pt1000-1537-4f9ee4a5-28ae-451c-a6a9-975c8b5ea037.png\" \/><meta itemprop=\"width\" content=\"318\" \/><meta itemprop=\"height\" content=\"172\" \/><meta itemprop=\"interactionType\" content=\"https:\/\/schema.org\/CommentAction\" \/><meta itemprop=\"userInteractionCount\" content=\"0\" \/>\n\t\t\t\t<a href=\"https:\/\/www.orjinalmuhendislik.com\/en\/urun\/sicaklik-transmitterleri\/\" target=\"_self\" itemprop=\"url\" rel=\"noopener\">\n\t\t\t\t<img loading=\"lazy\" decoding=\"async\" src=\"https:\/\/www.orjinalmuhendislik.com\/wp-content\/uploads\/2024\/07\/b-rtd-pt100-pt1000-1537-4f9ee4a5-28ae-451c-a6a9-975c8b5ea037.png\" alt=\"b-rtd-pt100-pt1000-1537-4f9ee4a5-28ae-451c-a6a9-975c8b5ea037\" itemprop=\"image\" data-no-lazy=\"1\" height=\"172\" width=\"318\" title=\"b-rtd-pt100-pt1000-1537-4f9ee4a5-28ae-451c-a6a9-975c8b5ea037\" onerror=\"this.style.display='none'\"  \/>\n\t\t\t\t<\/a>\n\t\t\t\t\t\t\t\t\t<h3 itemprop=\"headline\">\n\t\t\t\t\t\t\t\t\t\t\t\t\t<a href=\"https:\/\/www.orjinalmuhendislik.com\/en\/urun\/sicaklik-transmitterleri\/\" title=\"Temperature Transmitters\">\n\t\t\t\t\t\t\t\t\t\t\t\t\t\tTemperature Transmitters\t\t\t\t\t\t\t\t\t\t\t\t\t<\/a>\n\t\t\t\t\t\t\t\t\t\t\t<\/h3>\n    <a href=\"https:\/\/www.orjinalmuhendislik.com\/en\/urun\/sicaklik-transmitterleri\/\" title=\"Temperature Transmitters\">\u00dcR\u00dcN\u00dc \u0130NCELE about S\u0131cakl\u0131k Transmitterleri<\/a>\n\t<meta itemscope itemprop=\"mainEntityOfPage\" itemtype=\"https:\/\/schema.org\/WebPage\" itemid=\"http:\/\/1007\" content=\"Bas\u0131n\u00e7 Transmitterleri\" \/><meta itemprop=\"datePublished\" content=\"2024-07-03\" \/><meta itemprop=\"dateModified\" content=\"2024-07-03\" \/><meta itemprop=\"name\" content=\"Orjinal M\u00fchendislik\"\/><meta itemprop=\"url\" content=\"https:\/\/www.orjinalmuhendislik.com\/wp-content\/uploads\/2024\/04\/logo-yan-transparent.png\"\/><meta itemprop=\"url\" content=\"https:\/\/www.orjinalmuhendislik.com\/author\/neso\/\" \/><meta itemprop=\"name\" content=\"Nesrin Yarar\" \/><meta itemprop=\"url\" content=\"https:\/\/www.orjinalmuhendislik.com\/wp-content\/uploads\/2024\/07\/parmak-tip-gostergeli-basinc-t-577e2633-cb0c-4b0d-adce-806ee0614ae0.png\" \/><meta itemprop=\"width\" content=\"1080\" \/><meta itemprop=\"height\" content=\"1080\" \/><meta itemprop=\"interactionType\" content=\"https:\/\/schema.org\/CommentAction\" \/><meta itemprop=\"userInteractionCount\" content=\"0\" \/>\n\t\t\t\t<a href=\"https:\/\/www.orjinalmuhendislik.com\/en\/urun\/basinc-transmitterleri\/\" target=\"_self\" itemprop=\"url\" rel=\"noopener\">\n\t\t\t\t<img loading=\"lazy\" decoding=\"async\" src=\"https:\/\/www.orjinalmuhendislik.com\/wp-content\/uploads\/2024\/07\/parmak-tip-gostergeli-basinc-t-577e2633-cb0c-4b0d-adce-806ee0614ae0-1024x1024.png\" alt=\"parmak-tip-gostergeli-basinc-t-577e2633-cb0c-4b0d-adce-806ee0614ae0\" itemprop=\"image\" data-no-lazy=\"1\" height=\"1024\" width=\"1024\" title=\"parmak-tip-gostergeli-basinc-t-577e2633-cb0c-4b0d-adce-806ee0614ae0\" onerror=\"this.style.display='none'\"  \/>\n\t\t\t\t<\/a>\n\t\t\t\t\t\t\t\t\t<h3 itemprop=\"headline\">\n\t\t\t\t\t\t\t\t\t\t\t\t\t<a href=\"https:\/\/www.orjinalmuhendislik.com\/en\/urun\/basinc-transmitterleri\/\" title=\"Pressure Transmitters\">\n\t\t\t\t\t\t\t\t\t\t\t\t\t\tPressure Transmitters\t\t\t\t\t\t\t\t\t\t\t\t\t<\/a>\n\t\t\t\t\t\t\t\t\t\t\t<\/h3>\n    <a href=\"https:\/\/www.orjinalmuhendislik.com\/en\/urun\/basinc-transmitterleri\/\" title=\"Pressure Transmitters\">\u00dcR\u00dcN\u00dc \u0130NCELE about Bas\u0131n\u00e7 Transmitterleri<\/a>\n\t<meta itemscope itemprop=\"mainEntityOfPage\" itemtype=\"https:\/\/schema.org\/WebPage\" itemid=\"http:\/\/1006\" content=\"Elektromanyetik Debimetre\" \/><meta itemprop=\"datePublished\" content=\"2024-07-03\" \/><meta itemprop=\"dateModified\" content=\"2024-07-18\" \/><meta itemprop=\"name\" content=\"Orjinal M\u00fchendislik\"\/><meta itemprop=\"url\" content=\"https:\/\/www.orjinalmuhendislik.com\/wp-content\/uploads\/2024\/04\/logo-yan-transparent.png\"\/><meta itemprop=\"url\" content=\"https:\/\/www.orjinalmuhendislik.com\/author\/neso\/\" \/><meta itemprop=\"name\" content=\"Nesrin Yarar\" \/><meta itemprop=\"url\" content=\"https:\/\/www.orjinalmuhendislik.com\/wp-content\/uploads\/2024\/07\/elektromanyetik-debimetre-kate-5c788cfa-9d1e-4ce4-90a1-c78c23ad8697.png\" \/><meta itemprop=\"width\" content=\"600\" \/><meta itemprop=\"height\" content=\"600\" \/><meta itemprop=\"interactionType\" content=\"https:\/\/schema.org\/CommentAction\" \/><meta itemprop=\"userInteractionCount\" content=\"0\" \/>\n\t\t\t\t<a href=\"https:\/\/www.orjinalmuhendislik.com\/en\/urun\/elektromanyetik-debimetre\/\" target=\"_self\" itemprop=\"url\" rel=\"noopener\">\n\t\t\t\t<img loading=\"lazy\" decoding=\"async\" src=\"https:\/\/www.orjinalmuhendislik.com\/wp-content\/uploads\/2024\/07\/elektromanyetik-debimetre-kate-5c788cfa-9d1e-4ce4-90a1-c78c23ad8697.png\" alt=\"elektromanyetik-debimetre-kate-5c788cfa-9d1e-4ce4-90a1-c78c23ad8697\" itemprop=\"image\" data-no-lazy=\"1\" height=\"600\" width=\"600\" title=\"elektromanyetik-debimetre-kate-5c788cfa-9d1e-4ce4-90a1-c78c23ad8697\" onerror=\"this.style.display='none'\"  \/>\n\t\t\t\t<\/a>\n\t\t\t\t\t\t\t\t\t<h3 itemprop=\"headline\">\n\t\t\t\t\t\t\t\t\t\t\t\t\t<a href=\"https:\/\/www.orjinalmuhendislik.com\/en\/urun\/elektromanyetik-debimetre\/\" title=\"Electromagnetic Flowmeter\">\n\t\t\t\t\t\t\t\t\t\t\t\t\t\tElectromagnetic Flowmeter\t\t\t\t\t\t\t\t\t\t\t\t\t<\/a>\n\t\t\t\t\t\t\t\t\t\t\t<\/h3>\n    <a href=\"https:\/\/www.orjinalmuhendislik.com\/en\/urun\/elektromanyetik-debimetre\/\" title=\"Electromagnetic Flowmeter\">\u00dcR\u00dcN\u00dc \u0130NCELE about Elektromanyetik Debimetre<\/a>\n\t<meta itemscope itemprop=\"mainEntityOfPage\" itemtype=\"https:\/\/schema.org\/WebPage\" itemid=\"http:\/\/1009\" content=\"Ultrasonik Debimetreler\" \/><meta itemprop=\"datePublished\" content=\"2024-07-03\" \/><meta itemprop=\"dateModified\" content=\"2024-07-03\" \/><meta itemprop=\"name\" content=\"Orjinal M\u00fchendislik\"\/><meta itemprop=\"url\" content=\"https:\/\/www.orjinalmuhendislik.com\/wp-content\/uploads\/2024\/04\/logo-yan-transparent.png\"\/><meta itemprop=\"url\" content=\"https:\/\/www.orjinalmuhendislik.com\/author\/neso\/\" \/><meta itemprop=\"name\" content=\"Nesrin Yarar\" \/><meta itemprop=\"url\" content=\"https:\/\/www.orjinalmuhendislik.com\/wp-content\/uploads\/2024\/07\/images.jpeg\" \/><meta itemprop=\"width\" content=\"259\" \/><meta itemprop=\"height\" content=\"194\" \/><meta itemprop=\"interactionType\" content=\"https:\/\/schema.org\/CommentAction\" \/><meta itemprop=\"userInteractionCount\" content=\"0\" \/>\n\t\t\t\t<a href=\"https:\/\/www.orjinalmuhendislik.com\/en\/urun\/ultrasonik-debimetreler\/\" target=\"_self\" itemprop=\"url\" rel=\"noopener\">\n\t\t\t\t<img loading=\"lazy\" decoding=\"async\" src=\"https:\/\/www.orjinalmuhendislik.com\/wp-content\/uploads\/2024\/07\/images.jpeg\" alt=\"images\" itemprop=\"image\" data-no-lazy=\"1\" height=\"194\" width=\"259\" title=\"images\" onerror=\"this.style.display='none'\"  \/>\n\t\t\t\t<\/a>\n\t\t\t\t\t\t\t\t\t<h3 itemprop=\"headline\">\n\t\t\t\t\t\t\t\t\t\t\t\t\t<a href=\"https:\/\/www.orjinalmuhendislik.com\/en\/urun\/ultrasonik-debimetreler\/\" title=\"Ultrasonic Flowmeters\">\n\t\t\t\t\t\t\t\t\t\t\t\t\t\tUltrasonic Flowmeters\t\t\t\t\t\t\t\t\t\t\t\t\t<\/a>\n\t\t\t\t\t\t\t\t\t\t\t<\/h3>\n    <a href=\"https:\/\/www.orjinalmuhendislik.com\/en\/urun\/ultrasonik-debimetreler\/\" title=\"Ultrasonic Flowmeters\">\u00dcR\u00dcN\u00dc \u0130NCELE about Ultrasonik Debimetreler<\/a>\n\t<meta itemscope itemprop=\"mainEntityOfPage\" itemtype=\"https:\/\/schema.org\/WebPage\" itemid=\"http:\/\/1010\" content=\"Prosees Kontrol\u00f6rler\" \/><meta itemprop=\"datePublished\" content=\"2024-07-03\" \/><meta itemprop=\"dateModified\" content=\"2024-07-03\" \/><meta itemprop=\"name\" content=\"Orjinal M\u00fchendislik\"\/><meta itemprop=\"url\" content=\"https:\/\/www.orjinalmuhendislik.com\/wp-content\/uploads\/2024\/04\/logo-yan-transparent.png\"\/><meta itemprop=\"url\" content=\"https:\/\/www.orjinalmuhendislik.com\/author\/neso\/\" \/><meta itemprop=\"name\" content=\"Nesrin Yarar\" \/><meta itemprop=\"url\" content=\"https:\/\/www.orjinalmuhendislik.com\/wp-content\/uploads\/2024\/07\/ESM-7730-Universal-Girisli-PID-Proses-Kontrol-Cihazi-1145-1.jpg\" \/><meta itemprop=\"width\" content=\"1280\" \/><meta itemprop=\"height\" content=\"720\" \/><meta itemprop=\"interactionType\" content=\"https:\/\/schema.org\/CommentAction\" \/><meta itemprop=\"userInteractionCount\" content=\"0\" \/>\n\t\t\t\t<a href=\"https:\/\/www.orjinalmuhendislik.com\/en\/urun\/prosees-kontrolorler\/\" target=\"_self\" itemprop=\"url\" rel=\"noopener\">\n\t\t\t\t<img loading=\"lazy\" decoding=\"async\" src=\"https:\/\/www.orjinalmuhendislik.com\/wp-content\/uploads\/2024\/07\/ESM-7730-Universal-Girisli-PID-Proses-Kontrol-Cihazi-1145-1-1024x576.jpg\" alt=\"ESM-7730-Universal-Girisli-PID-Proses-Kontrol-Cihazi-1145 (1)\" itemprop=\"image\" data-no-lazy=\"1\" height=\"576\" width=\"1024\" title=\"ESM-7730-Universal-Girisli-PID-Proses-Kontrol-Cihazi-1145 (1)\" onerror=\"this.style.display='none'\"  \/>\n\t\t\t\t<\/a>\n\t\t\t\t\t\t\t\t\t<h3 itemprop=\"headline\">\n\t\t\t\t\t\t\t\t\t\t\t\t\t<a href=\"https:\/\/www.orjinalmuhendislik.com\/en\/urun\/prosees-kontrolorler\/\" title=\"Process Controllers\">\n\t\t\t\t\t\t\t\t\t\t\t\t\t\tProcess Controllers\t\t\t\t\t\t\t\t\t\t\t\t\t<\/a>\n\t\t\t\t\t\t\t\t\t\t\t<\/h3>\n    <a href=\"https:\/\/www.orjinalmuhendislik.com\/en\/urun\/prosees-kontrolorler\/\" title=\"Process Controllers\">\u00dcR\u00dcN\u00dc \u0130NCELE about Prosees Kontrol\u00f6rler<\/a>\n\t<meta itemscope itemprop=\"mainEntityOfPage\" itemtype=\"https:\/\/schema.org\/WebPage\" itemid=\"http:\/\/1011\" content=\"Manometre\" \/><meta itemprop=\"datePublished\" content=\"2024-07-03\" \/><meta itemprop=\"dateModified\" content=\"2024-07-03\" \/><meta itemprop=\"name\" content=\"Orjinal M\u00fchendislik\"\/><meta itemprop=\"url\" content=\"https:\/\/www.orjinalmuhendislik.com\/wp-content\/uploads\/2024\/04\/logo-yan-transparent.png\"\/><meta itemprop=\"url\" content=\"https:\/\/www.orjinalmuhendislik.com\/author\/neso\/\" \/><meta itemprop=\"name\" content=\"Nesrin Yarar\" \/><meta itemprop=\"url\" content=\"https:\/\/www.orjinalmuhendislik.com\/wp-content\/uploads\/2024\/07\/mg-100.png\" \/><meta itemprop=\"width\" content=\"480\" \/><meta itemprop=\"height\" content=\"600\" \/><meta itemprop=\"interactionType\" content=\"https:\/\/schema.org\/CommentAction\" \/><meta itemprop=\"userInteractionCount\" content=\"0\" \/>\n\t\t\t\t<a href=\"https:\/\/www.orjinalmuhendislik.com\/en\/urun\/manometre\/\" target=\"_self\" itemprop=\"url\" rel=\"noopener\">\n\t\t\t\t<img loading=\"lazy\" decoding=\"async\" src=\"https:\/\/www.orjinalmuhendislik.com\/wp-content\/uploads\/2024\/07\/mg-100.png\" alt=\"mg-100\" itemprop=\"image\" data-no-lazy=\"1\" height=\"600\" width=\"480\" title=\"mg-100\" onerror=\"this.style.display='none'\"  \/>\n\t\t\t\t<\/a>\n\t\t\t\t\t\t\t\t\t<h3 itemprop=\"headline\">\n\t\t\t\t\t\t\t\t\t\t\t\t\t<a href=\"https:\/\/www.orjinalmuhendislik.com\/en\/urun\/manometre\/\" title=\"Pressure Gauge\">\n\t\t\t\t\t\t\t\t\t\t\t\t\t\tPressure Gauge\t\t\t\t\t\t\t\t\t\t\t\t\t<\/a>\n\t\t\t\t\t\t\t\t\t\t\t<\/h3>\n    <a href=\"https:\/\/www.orjinalmuhendislik.com\/en\/urun\/manometre\/\" title=\"Pressure Gauge\">\u00dcR\u00dcN\u00dc \u0130NCELE about Manometre<\/a>\n\t<meta itemscope itemprop=\"mainEntityOfPage\" itemtype=\"https:\/\/schema.org\/WebPage\" itemid=\"http:\/\/1003\" content=\"Termometre\" \/><meta itemprop=\"datePublished\" content=\"2024-07-03\" \/><meta itemprop=\"dateModified\" content=\"2024-07-03\" \/><meta itemprop=\"name\" content=\"Orjinal M\u00fchendislik\"\/><meta itemprop=\"url\" content=\"https:\/\/www.orjinalmuhendislik.com\/wp-content\/uploads\/2024\/04\/logo-yan-transparent.png\"\/><meta itemprop=\"url\" content=\"https:\/\/www.orjinalmuhendislik.com\/author\/neso\/\" \/><meta itemprop=\"name\" content=\"Nesrin Yarar\" \/><meta itemprop=\"url\" content=\"https:\/\/www.orjinalmuhendislik.com\/wp-content\/uploads\/2024\/07\/te-100.png\" \/><meta itemprop=\"width\" content=\"480\" \/><meta itemprop=\"height\" content=\"600\" \/><meta itemprop=\"interactionType\" content=\"https:\/\/schema.org\/CommentAction\" \/><meta itemprop=\"userInteractionCount\" content=\"0\" \/>\n\t\t\t\t<a href=\"https:\/\/www.orjinalmuhendislik.com\/en\/urun\/termometre\/\" target=\"_self\" itemprop=\"url\" rel=\"noopener\">\n\t\t\t\t<img loading=\"lazy\" decoding=\"async\" src=\"https:\/\/www.orjinalmuhendislik.com\/wp-content\/uploads\/2024\/07\/te-100.png\" alt=\"te-100\" itemprop=\"image\" data-no-lazy=\"1\" height=\"600\" width=\"480\" title=\"te-100\" onerror=\"this.style.display='none'\"  \/>\n\t\t\t\t<\/a>\n\t\t\t\t\t\t\t\t\t<h3 itemprop=\"headline\">\n\t\t\t\t\t\t\t\t\t\t\t\t\t<a href=\"https:\/\/www.orjinalmuhendislik.com\/en\/urun\/termometre\/\" title=\"Thermometers\">\n\t\t\t\t\t\t\t\t\t\t\t\t\t\tThermometers\t\t\t\t\t\t\t\t\t\t\t\t\t<\/a>\n\t\t\t\t\t\t\t\t\t\t\t<\/h3>\n    <a href=\"https:\/\/www.orjinalmuhendislik.com\/en\/urun\/termometre\/\" title=\"Thermometers\">\u00dcR\u00dcN\u00dc \u0130NCELE about Termometre<\/a>\n\t\t<!-- .pp-content-posts -->\n\t\t\t\t<img loading=\"lazy\" decoding=\"async\" src=\"https:\/\/www.orjinalmuhendislik.com\/wp-content\/uploads\/2024\/04\/logo-yan-transparent.png\" alt=\"logo yan transparent\" itemprop=\"image\" height=\"308\" width=\"800\" title=\"logo yan transparent\" onerror=\"this.style.display='none'\"  \/>\n\t<p>We accept quality as a standard, we commit to customer satisfaction in every project.<\/p>\n<h3>\n\t\tQuick Menu\n\t<\/h3>\n\t<nav aria-label=\"Main Men\u00fc 2\" itemscope=\"itemscope\" itemtype=\"https:\/\/schema.org\/SiteNavigationElement\">\n\t\t<ul id=\"menu-main-menu-2\"><li id=\"menu-item-811\"><a href=\"https:\/\/www.orjinalmuhendislik.com\/en\/\">Homepage<\/a><\/li><li id=\"menu-item-814\"><a href=\"https:\/\/www.orjinalmuhendislik.com\/en\/kurumsal\/\">Corporate<\/a><\/li><li id=\"menu-item-816\"><a href=\"https:\/\/www.orjinalmuhendislik.com\/en\/urunlerimiz\/\">Our Products<\/a><\/li><li id=\"menu-item-815\"><a href=\"https:\/\/www.orjinalmuhendislik.com\/en\/teknik-bilgiler\/\">Technical Information<\/a><\/li><li id=\"menu-item-813\"><a href=\"https:\/\/www.orjinalmuhendislik.com\/en\/iletisim\/\">Contact<\/a><\/li><\/ul>\n\t\t\t<\/nav>\n<h3>\n\t\tContact\n\t<\/h3>\n\t\t<ul>\n\t\t\t\t\t<li>\n\t\t\t\t\n\t\t<p><a href=\"https:\/\/www.google.com.tr\/maps\/place\/Numune+Evler,+%C5%9Eaban+Ak%C4%B1n+U%C3%A7ar+Cd.+No:60,+31600+D%C3%B6rtyol%2FHatay\/@36.8277404,36.2084662,19.21z\/data=!4m5!3m4!1s0x152f3f7d5047a65f:0x8f155ca9b2e22fb0!8m2!3d36.8275025!4d36.2089566?hl=tr&amp;entry=ttu&amp;g_ep=EgoyMDI0MTAwMS4wIKXMDSoASAFQAw%3D%3D\">Numune Evler Mh. \u015eaban Ak\u0131n U\u00e7ar Cd. No: 60 D\u00f6rtyol\/HATAY<\/a><\/p>\t\t\t\n\t\t\t<\/li>\n\t\t\t\t<\/ul>\n\t\t<ul>\n\t\t\t\t\t<li>\n\t\t\t\t\n\t\t<p><a href=\"mailto:info@orjinalmuhendislik.com\">info@orjinalmuhendislik.com<\/a><\/p>\t\t\t\n\t\t\t<\/li>\n\t\t\t\t<\/ul>\n\t\t<ul>\n\t\t\t\t\t<li>\n\t\t\t\t\n\t\t<p><a href=\"tel: 90 326 712 44 44\">+90 326 712 44 44<\/a><\/p>\t\t\t\n\t\t\t<\/li>\n\t\t\t\t<\/ul>\n\t\t<ul>\n\t\t\t\t\t<li>\n\t\t\t\t\n\t\t<p><a href=\"http:\/\/+90 544 270 01 41\" data-wplink-url-error=\"true\">+90 544 270 01 41<\/a> <\/p>\t\t\t\n\t\t\t<\/li>\n\t\t\t\t<\/ul>\n\t<p>\u00a9 2024 <strong>Orjinal\u00a0M\u00fchendislik<\/strong> All Rights Reserved. | <a href=\"https:\/\/www.orjinalmuhendislik.com\/en\/gizlilik-politikasi\/\">Privacy Policy<\/a><\/p>\n\t<p>Web Design <a href=\"http:\/\/www.digitalkure.com\" target=\"_blank\" rel=\"noopener\"><strong>Digital K\u00fcre<\/strong><\/a><\/p>","protected":false},"excerpt":{"rendered":"<p>S\u0131cakl\u0131k Transmitterleri \u00dcR\u00dcN\u00dc \u0130NCELE about &hellip;<\/p>\n<p class=\"read-more\"> <a class=\"\" href=\"https:\/\/www.orjinalmuhendislik.com\/en\/urunlerimiz\/olcum-enstrumanlari\/\"> <span class=\"screen-reader-text\">MEASURING INSTRUMENTS<\/span> Read More \u00bb<\/a><\/p>","protected":false},"author":5,"featured_media":0,"parent":452,"menu_order":0,"comment_status":"closed","ping_status":"closed","template":"","meta":{"site-sidebar-layout":"no-sidebar","site-content-layout":"page-builder","ast-site-content-layout":"default","site-content-style":"default","site-sidebar-style":"default","ast-global-header-display":"","ast-banner-title-visibility":"","ast-main-header-display":"","ast-hfb-above-header-display":"","ast-hfb-below-header-display":"","ast-hfb-mobile-header-display":"","site-post-title":"disabled","ast-breadcrumbs-content":"","ast-featured-img":"disabled","footer-sml-layout":"","theme-transparent-header-meta":"default","adv-header-id-meta":"","stick-header-meta":"default","header-above-stick-meta":"","header-main-stick-meta":"","header-below-stick-meta":"","astra-migrate-meta-layouts":"set","ast-page-background-enabled":"default","ast-page-background-meta":{"desktop":{"background-color":"var(--ast-global-color-4)","background-image":"","background-repeat":"repeat","background-position":"center center","background-size":"auto","background-attachment":"scroll","background-type":"","background-media":"","overlay-type":"","overlay-color":"","overlay-gradient":""},"tablet":{"background-color":"","background-image":"","background-repeat":"repeat","background-position":"center center","background-size":"auto","background-attachment":"scroll","background-type":"","background-media":"","overlay-type":"","overlay-color":"","overlay-gradient":""},"mobile":{"background-color":"","background-image":"","background-repeat":"repeat","background-position":"center center","background-size":"auto","background-attachment":"scroll","background-type":"","background-media":"","overlay-type":"","overlay-color":"","overlay-gradient":""}},"ast-content-background-meta":{"desktop":{"background-color":"var(--ast-global-color-5)","background-image":"","background-repeat":"repeat","background-position":"center center","background-size":"auto","background-attachment":"scroll","background-type":"","background-media":"","overlay-type":"","overlay-color":"","overlay-gradient":""},"tablet":{"background-color":"var(--ast-global-color-5)","background-image":"","background-repeat":"repeat","background-position":"center center","background-size":"auto","background-attachment":"scroll","background-type":"","background-media":"","overlay-type":"","overlay-color":"","overlay-gradient":""},"mobile":{"background-color":"var(--ast-global-color-5)","background-image":"","background-repeat":"repeat","background-position":"center center","background-size":"auto","background-attachment":"scroll","background-type":"","background-media":"","overlay-type":"","overlay-color":"","overlay-gradient":""}},"_joinchat":[],"footnotes":""},"class_list":["post-1231","page","type-page","status-publish","hentry"],"acf":[],"_links":{"self":[{"href":"https:\/\/www.orjinalmuhendislik.com\/en\/wp-json\/wp\/v2\/pages\/1231","targetHints":{"allow":["GET"]}}],"collection":[{"href":"https:\/\/www.orjinalmuhendislik.com\/en\/wp-json\/wp\/v2\/pages"}],"about":[{"href":"https:\/\/www.orjinalmuhendislik.com\/en\/wp-json\/wp\/v2\/types\/page"}],"author":[{"embeddable":true,"href":"https:\/\/www.orjinalmuhendislik.com\/en\/wp-json\/wp\/v2\/users\/5"}],"replies":[{"embeddable":true,"href":"https:\/\/www.orjinalmuhendislik.com\/en\/wp-json\/wp\/v2\/comments?post=1231"}],"version-history":[{"count":5,"href":"https:\/\/www.orjinalmuhendislik.com\/en\/wp-json\/wp\/v2\/pages\/1231\/revisions"}],"predecessor-version":[{"id":1655,"href":"https:\/\/www.orjinalmuhendislik.com\/en\/wp-json\/wp\/v2\/pages\/1231\/revisions\/1655"}],"up":[{"embeddable":true,"href":"https:\/\/www.orjinalmuhendislik.com\/en\/wp-json\/wp\/v2\/pages\/452"}],"wp:attachment":[{"href":"https:\/\/www.orjinalmuhendislik.com\/en\/wp-json\/wp\/v2\/media?parent=1231"}],"curies":[{"name":"wp","href":"https:\/\/api.w.org\/{rel}","templated":true}]}}