{"id":15,"date":"2023-12-27T14:12:53","date_gmt":"2023-12-27T14:12:53","guid":{"rendered":"https:\/\/www.orjinalmuhendislik.com\/?page_id=15"},"modified":"2024-10-11T14:34:11","modified_gmt":"2024-10-11T11:34:11","slug":"anasayfa","status":"publish","type":"page","link":"http:\/\/www.orjinalmuhendislik.com\/en\/","title":{"rendered":"Homepage"},"content":{"rendered":"<img loading=\"lazy\" decoding=\"async\" src=\"https:\/\/www.orjinalmuhendislik.com\/wp-content\/uploads\/2024\/10\/Adsiz-tasarim-6.png\" alt=\"Ads\u0131z tasar\u0131m (6)\" itemprop=\"image\" height=\"550\" width=\"800\" title=\"Ads\u0131z tasar\u0131m (6)\" onerror=\"this.style.display='none'\"  \/>\n<h2>\n\t\tWhy Should You Work With Original Engineering?\n\t<\/h2>\n\t<p>Original Engineering provides innovative and solution-oriented services for the technical installation needs of industrial facilities. With our wide product range and experienced expert staff, we are at your side without compromising quality, trust and professionalism at every stage of your projects. Thanks to our understanding that prioritizes customer satisfaction, we develop solutions tailored to your needs and establish long-term business partnerships.<\/p>\nBy choosing us, you will have the following advantages:<br \/>\n<strong>Expert Staff and Technical Support:<\/strong> We offer reliable solutions with our experienced team specific to each project.<br \/>\n<strong>Wide Range of Products:<\/strong> Products suitable for your indusatrial needs, stocked and guaranteed fast delivery.<br \/>\n<strong>Quality and Trust:<\/strong> With our service approach that does not compromise on quality, we are with you throughout the process.<br \/>\n<strong>Innovative Approach:<\/strong> We carry your project to success with our solution-oriented services.<br \/>\nBy working with Original Engineering, you will gain a reliable business partner and make a difference in your projects.\n<h2>\n\t\tOur Product Categories\n\t<\/h2>\n\t\t\t\t\t\t\t\t\t\t\t\t\t\t\t\t\t<a href=\"http:\/\/www.orjinalmuhendislik.com\/en\/urunlerimiz\/esanjorler\/\" target=\"_blank\" rel=\"nofollow noopener\" data-caption=\"\">\n\t\t\t\t\t\t<figure>\n\t\t\t\t\t\t\t<img decoding=\"async\" src=\"https:\/\/www.orjinalmuhendislik.com\/wp-content\/uploads\/2024\/10\/ESANJOR.jpg\" alt=\"\" srcset=\"https:\/\/www.orjinalmuhendislik.com\/wp-content\/uploads\/2024\/10\/ESANJOR.jpg 600w, https:\/\/www.orjinalmuhendislik.com\/wp-content\/uploads\/2024\/10\/ESANJOR-180x300.jpg 180w, https:\/\/www.orjinalmuhendislik.com\/wp-content\/uploads\/2024\/10\/ESANJOR-7x12.jpg 7w\" \/>\n\t\t\t\t\t\t\t\t\t\t\t\t\t<\/figure>\n\t\t\t\t\t\t\t\t\t\t<\/a>\n\t\t\t\t\t\t\t\t\t\t\t\t\t\t\t\t\t<a href=\"http:\/\/www.orjinalmuhendislik.com\/en\/urunlerimiz\/fitting-malzemeler\/\" target=\"_blank\" rel=\"nofollow noopener\" data-caption=\"\">\n\t\t\t\t\t\t<figure>\n\t\t\t\t\t\t\t<img decoding=\"async\" src=\"https:\/\/www.orjinalmuhendislik.com\/wp-content\/uploads\/2024\/10\/FITTING-1.jpg\" alt=\"\" srcset=\"https:\/\/www.orjinalmuhendislik.com\/wp-content\/uploads\/2024\/10\/FITTING-1.jpg 600w, https:\/\/www.orjinalmuhendislik.com\/wp-content\/uploads\/2024\/10\/FITTING-1-180x300.jpg 180w, https:\/\/www.orjinalmuhendislik.com\/wp-content\/uploads\/2024\/10\/FITTING-1-7x12.jpg 7w\" \/>\n\t\t\t\t\t\t\t\t\t\t\t\t\t<\/figure>\n\t\t\t\t\t\t\t\t\t\t<\/a>\n\t\t\t\t\t\t\t\t\t\t\t\t\t\t\t\t\t<a href=\"http:\/\/www.orjinalmuhendislik.com\/en\/urunlerimiz\/kondenstoplar\/\" target=\"_blank\" rel=\"nofollow noopener\" data-caption=\"\">\n\t\t\t\t\t\t<figure>\n\t\t\t\t\t\t\t<img decoding=\"async\" src=\"https:\/\/www.orjinalmuhendislik.com\/wp-content\/uploads\/2024\/10\/KONDENSTOP.jpg\" alt=\"\" srcset=\"https:\/\/www.orjinalmuhendislik.com\/wp-content\/uploads\/2024\/10\/KONDENSTOP.jpg 600w, https:\/\/www.orjinalmuhendislik.com\/wp-content\/uploads\/2024\/10\/KONDENSTOP-180x300.jpg 180w, https:\/\/www.orjinalmuhendislik.com\/wp-content\/uploads\/2024\/10\/KONDENSTOP-7x12.jpg 7w\" \/>\n\t\t\t\t\t\t\t\t\t\t\t\t\t<\/figure>\n\t\t\t\t\t\t\t\t\t\t<\/a>\n\t\t\t\t\t\t\t\t\t\t\t\t\t\t\t\t\t<a href=\"http:\/\/www.orjinalmuhendislik.com\/en\/urunlerimiz\/borular\/\" target=\"_blank\" rel=\"nofollow noopener\" data-caption=\"\">\n\t\t\t\t\t\t<figure>\n\t\t\t\t\t\t\t<img decoding=\"async\" src=\"https:\/\/www.orjinalmuhendislik.com\/wp-content\/uploads\/2024\/10\/BORU.jpg\" alt=\"\" srcset=\"https:\/\/www.orjinalmuhendislik.com\/wp-content\/uploads\/2024\/10\/BORU.jpg 600w, https:\/\/www.orjinalmuhendislik.com\/wp-content\/uploads\/2024\/10\/BORU-180x300.jpg 180w, https:\/\/www.orjinalmuhendislik.com\/wp-content\/uploads\/2024\/10\/BORU-7x12.jpg 7w\" \/>\n\t\t\t\t\t\t\t\t\t\t\t\t\t<\/figure>\n\t\t\t\t\t\t\t\t\t\t<\/a>\n\t\t\t\t\t\t\t\t\t\t\t\t\t\t\t\t\t<a href=\"http:\/\/www.orjinalmuhendislik.com\/en\/urunlerimiz\/hortumlar\/\" target=\"_blank\" rel=\"nofollow noopener\" data-caption=\"\">\n\t\t\t\t\t\t<figure>\n\t\t\t\t\t\t\t<img decoding=\"async\" src=\"https:\/\/www.orjinalmuhendislik.com\/wp-content\/uploads\/2024\/10\/HORTUM.jpg\" alt=\"\" srcset=\"https:\/\/www.orjinalmuhendislik.com\/wp-content\/uploads\/2024\/10\/HORTUM.jpg 600w, https:\/\/www.orjinalmuhendislik.com\/wp-content\/uploads\/2024\/10\/HORTUM-180x300.jpg 180w, https:\/\/www.orjinalmuhendislik.com\/wp-content\/uploads\/2024\/10\/HORTUM-7x12.jpg 7w\" \/>\n\t\t\t\t\t\t\t\t\t\t\t\t\t<\/figure>\n\t\t\t\t\t\t\t\t\t\t<\/a>\n\t\t\t\t\t\t\t\t\t\t\t\t\t\t\t\t\t<a href=\"http:\/\/www.orjinalmuhendislik.com\/en\/urunlerimiz\/pompalar\/\" target=\"_blank\" rel=\"nofollow noopener\" data-caption=\"\">\n\t\t\t\t\t\t<figure>\n\t\t\t\t\t\t\t<img decoding=\"async\" src=\"https:\/\/www.orjinalmuhendislik.com\/wp-content\/uploads\/2024\/10\/POMPA-1.jpg\" alt=\"\" srcset=\"https:\/\/www.orjinalmuhendislik.com\/wp-content\/uploads\/2024\/10\/POMPA-1.jpg 600w, https:\/\/www.orjinalmuhendislik.com\/wp-content\/uploads\/2024\/10\/POMPA-1-180x300.jpg 180w, https:\/\/www.orjinalmuhendislik.com\/wp-content\/uploads\/2024\/10\/POMPA-1-7x12.jpg 7w\" \/>\n\t\t\t\t\t\t\t\t\t\t\t\t\t<\/figure>\n\t\t\t\t\t\t\t\t\t\t<\/a>\n\t\t\t\t\t\t\t\t\t\t\t\t\t\t\t\t\t<a href=\"http:\/\/www.orjinalmuhendislik.com\/en\/urunlerimiz\/vanalar\/\" target=\"_blank\" rel=\"nofollow noopener\" data-caption=\"\">\n\t\t\t\t\t\t<figure>\n\t\t\t\t\t\t\t<img decoding=\"async\" src=\"https:\/\/www.orjinalmuhendislik.com\/wp-content\/uploads\/2024\/10\/VANA-1.jpg\" alt=\"\" srcset=\"https:\/\/www.orjinalmuhendislik.com\/wp-content\/uploads\/2024\/10\/VANA-1.jpg 600w, https:\/\/www.orjinalmuhendislik.com\/wp-content\/uploads\/2024\/10\/VANA-1-180x300.jpg 180w, https:\/\/www.orjinalmuhendislik.com\/wp-content\/uploads\/2024\/10\/VANA-1-7x12.jpg 7w\" \/>\n\t\t\t\t\t\t\t\t\t\t\t\t\t<\/figure>\n\t\t\t\t\t\t\t\t\t\t<\/a>\n\t\t\t\t\t\t\t\t\t\t\t\t\t\t\t\t\t<a href=\"http:\/\/www.orjinalmuhendislik.com\/en\/urunlerimiz\/seviye-gostergeleri\/\" target=\"_blank\" rel=\"nofollow noopener\" data-caption=\"\">\n\t\t\t\t\t\t<figure>\n\t\t\t\t\t\t\t<img decoding=\"async\" src=\"https:\/\/www.orjinalmuhendislik.com\/wp-content\/uploads\/2024\/10\/SEVIYE-.jpg\" alt=\"\" srcset=\"https:\/\/www.orjinalmuhendislik.com\/wp-content\/uploads\/2024\/10\/SEVIYE-.jpg 600w, https:\/\/www.orjinalmuhendislik.com\/wp-content\/uploads\/2024\/10\/SEVIYE--180x300.jpg 180w, https:\/\/www.orjinalmuhendislik.com\/wp-content\/uploads\/2024\/10\/SEVIYE--7x12.jpg 7w\" \/>\n\t\t\t\t\t\t\t\t\t\t\t\t\t<\/figure>\n\t\t\t\t\t\t\t\t\t\t<\/a>\n\t\t\t\t\t\t<!-- pagination -->\n\t<h2>\n\t\tBrands\n\t<\/h2>\n\t\t\t\t\t\t<figure>\n\t\t\t\t\t\t\t<img decoding=\"async\" src=\"https:\/\/www.orjinalmuhendislik.com\/wp-content\/uploads\/2024\/07\/armstrong.png\" alt=\"\" srcset=\"https:\/\/www.orjinalmuhendislik.com\/wp-content\/uploads\/2024\/07\/armstrong.png 150w, https:\/\/www.orjinalmuhendislik.com\/wp-content\/uploads\/2024\/07\/armstrong-12x12.png 12w\" \/>\n\t\t\t\t\t\t\t\t\t\t\t\t\t<\/figure>\n\t\t\t\t\t\t<figure>\n\t\t\t\t\t\t\t<img decoding=\"async\" src=\"https:\/\/www.orjinalmuhendislik.com\/wp-content\/uploads\/2024\/07\/bogazici.png\" alt=\"\" srcset=\"https:\/\/www.orjinalmuhendislik.com\/wp-content\/uploads\/2024\/07\/bogazici.png 150w, https:\/\/www.orjinalmuhendislik.com\/wp-content\/uploads\/2024\/07\/bogazici-12x12.png 12w\" \/>\n\t\t\t\t\t\t\t\t\t\t\t\t\t<\/figure>\n\t\t\t\t\t\t<figure>\n\t\t\t\t\t\t\t<img decoding=\"async\" src=\"https:\/\/www.orjinalmuhendislik.com\/wp-content\/uploads\/2024\/07\/Duyar.png\" alt=\"\" srcset=\"https:\/\/www.orjinalmuhendislik.com\/wp-content\/uploads\/2024\/07\/Duyar.png 150w, https:\/\/www.orjinalmuhendislik.com\/wp-content\/uploads\/2024\/07\/Duyar-12x12.png 12w\" \/>\n\t\t\t\t\t\t\t\t\t\t\t\t\t<\/figure>\n\t\t\t\t\t\t<figure>\n\t\t\t\t\t\t\t<img decoding=\"async\" src=\"https:\/\/www.orjinalmuhendislik.com\/wp-content\/uploads\/2024\/07\/e.c.a.png\" alt=\"\" srcset=\"https:\/\/www.orjinalmuhendislik.com\/wp-content\/uploads\/2024\/07\/e.c.a.png 150w, https:\/\/www.orjinalmuhendislik.com\/wp-content\/uploads\/2024\/07\/e.c.a-12x12.png 12w\" \/>\n\t\t\t\t\t\t\t\t\t\t\t\t\t<\/figure>\n\t\t\t\t\t\t<figure>\n\t\t\t\t\t\t\t<img decoding=\"async\" src=\"https:\/\/www.orjinalmuhendislik.com\/wp-content\/uploads\/2024\/07\/giacomini.png\" alt=\"\" srcset=\"https:\/\/www.orjinalmuhendislik.com\/wp-content\/uploads\/2024\/07\/giacomini.png 150w, https:\/\/www.orjinalmuhendislik.com\/wp-content\/uploads\/2024\/07\/giacomini-12x12.png 12w\" \/>\n\t\t\t\t\t\t\t\t\t\t\t\t\t<\/figure>\n\t\t\t\t\t\t<figure>\n\t\t\t\t\t\t\t<img decoding=\"async\" src=\"https:\/\/www.orjinalmuhendislik.com\/wp-content\/uploads\/2024\/07\/grundfos.png\" alt=\"\" srcset=\"https:\/\/www.orjinalmuhendislik.com\/wp-content\/uploads\/2024\/07\/grundfos.png 150w, https:\/\/www.orjinalmuhendislik.com\/wp-content\/uploads\/2024\/07\/grundfos-12x12.png 12w\" \/>\n\t\t\t\t\t\t\t\t\t\t\t\t\t<\/figure>\n\t\t\t\t\t\t<figure>\n\t\t\t\t\t\t\t<img decoding=\"async\" src=\"https:\/\/www.orjinalmuhendislik.com\/wp-content\/uploads\/2024\/07\/hascelik.png\" alt=\"\" srcset=\"https:\/\/www.orjinalmuhendislik.com\/wp-content\/uploads\/2024\/07\/hascelik.png 150w, https:\/\/www.orjinalmuhendislik.com\/wp-content\/uploads\/2024\/07\/hascelik-12x12.png 12w\" \/>\n\t\t\t\t\t\t\t\t\t\t\t\t\t<\/figure>\n\t\t\t\t\t\t<figure>\n\t\t\t\t\t\t\t<img decoding=\"async\" src=\"https:\/\/www.orjinalmuhendislik.com\/wp-content\/uploads\/2024\/07\/kalde.png\" alt=\"\" srcset=\"https:\/\/www.orjinalmuhendislik.com\/wp-content\/uploads\/2024\/07\/kalde.png 150w, https:\/\/www.orjinalmuhendislik.com\/wp-content\/uploads\/2024\/07\/kalde-12x12.png 12w\" \/>\n\t\t\t\t\t\t\t\t\t\t\t\t\t<\/figure>\n\t\t\t\t\t\t<figure>\n\t\t\t\t\t\t\t<img decoding=\"async\" src=\"https:\/\/www.orjinalmuhendislik.com\/wp-content\/uploads\/2024\/07\/klepsan.png\" alt=\"\" srcset=\"https:\/\/www.orjinalmuhendislik.com\/wp-content\/uploads\/2024\/07\/klepsan.png 150w, https:\/\/www.orjinalmuhendislik.com\/wp-content\/uploads\/2024\/07\/klepsan-12x12.png 12w\" \/>\n\t\t\t\t\t\t\t\t\t\t\t\t\t<\/figure>\n\t\t\t\t\t\t<figure>\n\t\t\t\t\t\t\t<img decoding=\"async\" src=\"https:\/\/www.orjinalmuhendislik.com\/wp-content\/uploads\/2024\/07\/mit.png\" alt=\"\" srcset=\"https:\/\/www.orjinalmuhendislik.com\/wp-content\/uploads\/2024\/07\/mit.png 150w, https:\/\/www.orjinalmuhendislik.com\/wp-content\/uploads\/2024\/07\/mit-12x12.png 12w\" \/>\n\t\t\t\t\t\t\t\t\t\t\t\t\t<\/figure>\n\t\t\t\t\t\t<figure>\n\t\t\t\t\t\t\t<img decoding=\"async\" src=\"https:\/\/www.orjinalmuhendislik.com\/wp-content\/uploads\/2024\/07\/pakkens.png\" alt=\"\" srcset=\"https:\/\/www.orjinalmuhendislik.com\/wp-content\/uploads\/2024\/07\/pakkens.png 150w, https:\/\/www.orjinalmuhendislik.com\/wp-content\/uploads\/2024\/07\/pakkens-12x12.png 12w\" \/>\n\t\t\t\t\t\t\t\t\t\t\t\t\t<\/figure>\n\t\t\t\t\t\t<figure>\n\t\t\t\t\t\t\t<img decoding=\"async\" src=\"https:\/\/www.orjinalmuhendislik.com\/wp-content\/uploads\/2024\/07\/reliable.png\" alt=\"\" srcset=\"https:\/\/www.orjinalmuhendislik.com\/wp-content\/uploads\/2024\/07\/reliable.png 150w, https:\/\/www.orjinalmuhendislik.com\/wp-content\/uploads\/2024\/07\/reliable-12x12.png 12w\" \/>\n\t\t\t\t\t\t\t\t\t\t\t\t\t<\/figure>\n\t\t\t\t\t\t<figure>\n\t\t\t\t\t\t\t<img decoding=\"async\" src=\"https:\/\/www.orjinalmuhendislik.com\/wp-content\/uploads\/2024\/07\/samson.png\" alt=\"\" srcset=\"https:\/\/www.orjinalmuhendislik.com\/wp-content\/uploads\/2024\/07\/samson.png 150w, https:\/\/www.orjinalmuhendislik.com\/wp-content\/uploads\/2024\/07\/samson-12x12.png 12w\" \/>\n\t\t\t\t\t\t\t\t\t\t\t\t\t<\/figure>\n\t\t\t\t\t\t<figure>\n\t\t\t\t\t\t\t<img decoding=\"async\" src=\"https:\/\/www.orjinalmuhendislik.com\/wp-content\/uploads\/2024\/07\/standart.png\" alt=\"\" srcset=\"https:\/\/www.orjinalmuhendislik.com\/wp-content\/uploads\/2024\/07\/standart.png 150w, https:\/\/www.orjinalmuhendislik.com\/wp-content\/uploads\/2024\/07\/standart-12x12.png 12w\" \/>\n\t\t\t\t\t\t\t\t\t\t\t\t\t<\/figure>\n\t\t\t\t\t\t<figure>\n\t\t\t\t\t\t\t<img decoding=\"async\" src=\"https:\/\/www.orjinalmuhendislik.com\/wp-content\/uploads\/2024\/07\/termo.png\" alt=\"\" srcset=\"https:\/\/www.orjinalmuhendislik.com\/wp-content\/uploads\/2024\/07\/termo.png 150w, https:\/\/www.orjinalmuhendislik.com\/wp-content\/uploads\/2024\/07\/termo-12x12.png 12w\" \/>\n\t\t\t\t\t\t\t\t\t\t\t\t\t<\/figure>\n\t\t\t\t\t\t<figure>\n\t\t\t\t\t\t\t<img decoding=\"async\" src=\"https:\/\/www.orjinalmuhendislik.com\/wp-content\/uploads\/2024\/07\/tlv.png\" alt=\"\" srcset=\"https:\/\/www.orjinalmuhendislik.com\/wp-content\/uploads\/2024\/07\/tlv.png 150w, https:\/\/www.orjinalmuhendislik.com\/wp-content\/uploads\/2024\/07\/tlv-12x12.png 12w\" \/>\n\t\t\t\t\t\t\t\t\t\t\t\t\t<\/figure>\n\t\t\t\t\t\t<figure>\n\t\t\t\t\t\t\t<img decoding=\"async\" src=\"https:\/\/www.orjinalmuhendislik.com\/wp-content\/uploads\/2024\/07\/toscelik.png\" alt=\"\" srcset=\"https:\/\/www.orjinalmuhendislik.com\/wp-content\/uploads\/2024\/07\/toscelik.png 150w, https:\/\/www.orjinalmuhendislik.com\/wp-content\/uploads\/2024\/07\/toscelik-12x12.png 12w\" \/>\n\t\t\t\t\t\t\t\t\t\t\t\t\t<\/figure>\n\t\t\t\t\t\t<figure>\n\t\t\t\t\t\t\t<img decoding=\"async\" src=\"https:\/\/www.orjinalmuhendislik.com\/wp-content\/uploads\/2024\/07\/trakyadokum.png\" alt=\"\" srcset=\"https:\/\/www.orjinalmuhendislik.com\/wp-content\/uploads\/2024\/07\/trakyadokum.png 150w, https:\/\/www.orjinalmuhendislik.com\/wp-content\/uploads\/2024\/07\/trakyadokum-12x12.png 12w\" \/>\n\t\t\t\t\t\t\t\t\t\t\t\t\t<\/figure>\n\t\t\t\t\t\t<figure>\n\t\t\t\t\t\t\t<img decoding=\"async\" src=\"https:\/\/www.orjinalmuhendislik.com\/wp-content\/uploads\/2024\/07\/tyco.png\" alt=\"\" srcset=\"https:\/\/www.orjinalmuhendislik.com\/wp-content\/uploads\/2024\/07\/tyco.png 150w, https:\/\/www.orjinalmuhendislik.com\/wp-content\/uploads\/2024\/07\/tyco-12x12.png 12w\" \/>\n\t\t\t\t\t\t\t\t\t\t\t\t\t<\/figure>\n\t\t\t\t\t\t<figure>\n\t\t\t\t\t\t\t<img decoding=\"async\" src=\"https:\/\/www.orjinalmuhendislik.com\/wp-content\/uploads\/2024\/07\/unival.png\" alt=\"\" srcset=\"https:\/\/www.orjinalmuhendislik.com\/wp-content\/uploads\/2024\/07\/unival.png 150w, https:\/\/www.orjinalmuhendislik.com\/wp-content\/uploads\/2024\/07\/unival-12x12.png 12w\" \/>\n\t\t\t\t\t\t\t\t\t\t\t\t\t<\/figure>\n\t\t\t\t\t\t<figure>\n\t\t\t\t\t\t\t<img decoding=\"async\" src=\"https:\/\/www.orjinalmuhendislik.com\/wp-content\/uploads\/2024\/07\/wilo.png\" alt=\"\" srcset=\"https:\/\/www.orjinalmuhendislik.com\/wp-content\/uploads\/2024\/07\/wilo.png 150w, https:\/\/www.orjinalmuhendislik.com\/wp-content\/uploads\/2024\/07\/wilo-12x12.png 12w\" \/>\n\t\t\t\t\t\t\t\t\t\t\t\t\t<\/figure>\n\t\t\t\t\t\t<figure>\n\t\t\t\t\t\t\t<img decoding=\"async\" src=\"https:\/\/www.orjinalmuhendislik.com\/wp-content\/uploads\/2024\/07\/zetkama.png\" alt=\"\" srcset=\"https:\/\/www.orjinalmuhendislik.com\/wp-content\/uploads\/2024\/07\/zetkama.png 150w, https:\/\/www.orjinalmuhendislik.com\/wp-content\/uploads\/2024\/07\/zetkama-12x12.png 12w\" \/>\n\t\t\t\t\t\t\t\t\t\t\t\t\t<\/figure>\n\t\t\t\t\t\t<figure>\n\t\t\t\t\t\t\t<img decoding=\"async\" src=\"https:\/\/www.orjinalmuhendislik.com\/wp-content\/uploads\/2024\/08\/log12312312.png\" alt=\"\" srcset=\"https:\/\/www.orjinalmuhendislik.com\/wp-content\/uploads\/2024\/08\/log12312312.png 112w, https:\/\/www.orjinalmuhendislik.com\/wp-content\/uploads\/2024\/08\/log12312312-12x12.png 12w\" \/>\n\t\t\t\t\t\t\t\t\t\t\t\t\t<\/figure>\n\t\t\t\t\t\t<figure>\n\t\t\t\t\t\t\t<img decoding=\"async\" src=\"https:\/\/www.orjinalmuhendislik.com\/wp-content\/uploads\/2024\/08\/logo12312.png\" alt=\"\" srcset=\"https:\/\/www.orjinalmuhendislik.com\/wp-content\/uploads\/2024\/08\/logo12312.png 112w, https:\/\/www.orjinalmuhendislik.com\/wp-content\/uploads\/2024\/08\/logo12312-12x12.png 12w\" \/>\n\t\t\t\t\t\t\t\t\t\t\t\t\t<\/figure>\n\t\t\t\t\t\t<figure>\n\t\t\t\t\t\t\t<img decoding=\"async\" src=\"https:\/\/www.orjinalmuhendislik.com\/wp-content\/uploads\/2024\/08\/lgooo111.png\" alt=\"\" srcset=\"https:\/\/www.orjinalmuhendislik.com\/wp-content\/uploads\/2024\/08\/lgooo111.png 112w, https:\/\/www.orjinalmuhendislik.com\/wp-content\/uploads\/2024\/08\/lgooo111-12x12.png 12w\" \/>\n\t\t\t\t\t\t\t\t\t\t\t\t\t<\/figure>\n\t\t\t\t\t\t<!-- pagination -->\n\t<h4>\n\t\tQuality\n\t<\/h4>\n\t<p>The quality of our products is our greatest guarantee. We apply the highest quality standards meticulously and carefully at every stage from the materials we use to the production processes.<\/p>\n<h4>\n\t\tAssurance\n\t<\/h4>\n\t<p>We provide assurance in every product and service we offer. With our high quality standards and technical expertise, we are committed to providing trouble-free and reliable solutions for your projects.<\/p>\n<h4>\n\t\tSatisfaction\n\t<\/h4>\n\t<p>Customer satisfaction is not a result for us, but an indispensable part of the process. In every project, we provide the most suitable solutions by listening to the needs of our customers and we work to exceed their expectations.<\/p>\n<h4>\n\t\tOrjinal M\u00fchendislik\n\t<\/h4>\n\t<p>If you are looking for reliable and effective solutions for your needs, we will be glad to support you as Original Engineering. We are with you in every project!<\/p>\n\t\t\t<a href=\"http:\/\/www.orjinalmuhendislik.com\/en\/iletisim\/\" target=\"_self\" rel=\"noopener\">\n\t\t\t\t\t\t\tGet In Touch\n\t\t\t\t\t<\/a>\n\t\t\t\t<img loading=\"lazy\" decoding=\"async\" src=\"https:\/\/www.orjinalmuhendislik.com\/wp-content\/uploads\/2024\/04\/logo-yan-transparent.png\" alt=\"logo yan transparent\" itemprop=\"image\" height=\"308\" width=\"800\" title=\"logo yan transparent\" onerror=\"this.style.display='none'\"  \/>\n\t<p>We accept quality as a standard, we commit to customer satisfaction in every project.<\/p>\n<h3>\n\t\tQuick Menu\n\t<\/h3>\n\t<nav aria-label=\"Main Men\u00fc 2\" itemscope=\"itemscope\" itemtype=\"https:\/\/schema.org\/SiteNavigationElement\">\n\t\t<ul id=\"menu-main-menu-2\"><li id=\"menu-item-811\"><a href=\"http:\/\/www.orjinalmuhendislik.com\/en\/\" aria-current=\"page\">Homepage<\/a><\/li><li id=\"menu-item-814\"><a href=\"http:\/\/www.orjinalmuhendislik.com\/en\/kurumsal\/\">Corporate<\/a><\/li><li id=\"menu-item-816\"><a href=\"http:\/\/www.orjinalmuhendislik.com\/en\/urunlerimiz\/\">Our Products<\/a><\/li><li id=\"menu-item-815\"><a href=\"http:\/\/www.orjinalmuhendislik.com\/en\/blog\/\">Blog<\/a><\/li><li id=\"menu-item-813\"><a href=\"http:\/\/www.orjinalmuhendislik.com\/en\/iletisim\/\">Contact<\/a><\/li><\/ul>\n\t\t\t<\/nav>\n<h3>\n\t\tContact\n\t<\/h3>\n\t\t<ul>\n\t\t\t\t\t<li>\n\t\t\t\t\n\t\t<p><a href=\"https:\/\/www.google.com.tr\/maps\/place\/Numune+Evler,+%C5%9Eaban+Ak%C4%B1n+U%C3%A7ar+Cd.+No:60,+31600+D%C3%B6rtyol%2FHatay\/@36.8277404,36.2084662,19.21z\/data=!4m5!3m4!1s0x152f3f7d5047a65f:0x8f155ca9b2e22fb0!8m2!3d36.8275025!4d36.2089566?hl=tr&amp;entry=ttu&amp;g_ep=EgoyMDI0MTAwMS4wIKXMDSoASAFQAw%3D%3D\">Numune Evler Mh. \u015eaban Ak\u0131n U\u00e7ar Cd. No: 60 D\u00f6rtyol\/HATAY<\/a><\/p>\n\t\t\t<\/li>\n\t\t\t\t<\/ul>\n\t\t<ul>\n\t\t\t\t\t<li>\n\t\t\t\t\n\t\t<p><a href=\"mailto:info@orjinalmuhendislik.com\">info@orjinalmuhendislik.com<\/a><\/p>\n\t\t\t<\/li>\n\t\t\t\t<\/ul>\n\t\t<ul>\n\t\t\t\t\t<li>\n\t\t\t\t\n\t\t<p><a href=\"tel: 90 326 712 44 44\">+90 326 712 44 44<\/a><\/p>\n\t\t\t<\/li>\n\t\t\t\t<\/ul>\n\t\t<ul>\n\t\t\t\t\t<li>\n\t\t\t\t\n\t\t<p><a href=\"tel: 90 544 270 01 41\">+90 544 270 01 41<\/a> <\/p>\n\t\t\t<\/li>\n\t\t\t\t<\/ul>\n\t<p>\u00a9 2024 <strong>Orjinal\u00a0M\u00fchendislik<\/strong> All Rights Reserved. | <a href=\"http:\/\/www.orjinalmuhendislik.com\/en\/gizlilik-politikasi\/\">Privacy Policy<\/a><\/p>\n\t<p>Web Design <a href=\"http:\/\/www.digitalkure.com\" target=\"_blank\" rel=\"noopener\"><strong>Digital K\u00fcre<\/strong><\/a><\/p>","protected":false},"excerpt":{"rendered":"<p>Neden Orjinal M\u00fchendislik \u0130le \u00c7al\u0131\u015fmal\u0131s\u0131n\u0131z &hellip;<\/p>\n<p class=\"read-more\"> <a class=\"\" href=\"http:\/\/www.orjinalmuhendislik.com\/en\/\"> <span class=\"screen-reader-text\">Homepage<\/span> Read More \u00bb<\/a><\/p>","protected":false},"author":1,"featured_media":0,"parent":0,"menu_order":0,"comment_status":"closed","ping_status":"closed","template":"","meta":{"site-sidebar-layout":"no-sidebar","site-content-layout":"page-builder","ast-site-content-layout":"full-width-container","site-content-style":"boxed","site-sidebar-style":"default","ast-global-header-display":"","ast-banner-title-visibility":"","ast-main-header-display":"","ast-hfb-above-header-display":"","ast-hfb-below-header-display":"","ast-hfb-mobile-header-display":"","site-post-title":"disabled","ast-breadcrumbs-content":"","ast-featured-img":"disabled","footer-sml-layout":"","theme-transparent-header-meta":"default","adv-header-id-meta":"","stick-header-meta":"default","header-above-stick-meta":"","header-main-stick-meta":"","header-below-stick-meta":"","astra-migrate-meta-layouts":"set","ast-page-background-enabled":"default","ast-page-background-meta":{"desktop":{"background-color":"var(--ast-global-color-4)","background-image":"","background-repeat":"repeat","background-position":"center center","background-size":"auto","background-attachment":"scroll","background-type":"","background-media":"","overlay-type":"","overlay-color":"","overlay-gradient":""},"tablet":{"background-color":"","background-image":"","background-repeat":"repeat","background-position":"center center","background-size":"auto","background-attachment":"scroll","background-type":"","background-media":"","overlay-type":"","overlay-color":"","overlay-gradient":""},"mobile":{"background-color":"","background-image":"","background-repeat":"repeat","background-position":"center center","background-size":"auto","background-attachment":"scroll","background-type":"","background-media":"","overlay-type":"","overlay-color":"","overlay-gradient":""}},"ast-content-background-meta":{"desktop":{"background-color":"var(--ast-global-color-5)","background-image":"","background-repeat":"repeat","background-position":"center center","background-size":"auto","background-attachment":"scroll","background-type":"","background-media":"","overlay-type":"","overlay-color":"","overlay-gradient":""},"tablet":{"background-color":"var(--ast-global-color-5)","background-image":"","background-repeat":"repeat","background-position":"center center","background-size":"auto","background-attachment":"scroll","background-type":"","background-media":"","overlay-type":"","overlay-color":"","overlay-gradient":""},"mobile":{"background-color":"var(--ast-global-color-5)","background-image":"","background-repeat":"repeat","background-position":"center center","background-size":"auto","background-attachment":"scroll","background-type":"","background-media":"","overlay-type":"","overlay-color":"","overlay-gradient":""}},"_joinchat":[],"footnotes":""},"class_list":["post-15","page","type-page","status-publish","hentry"],"acf":[],"_links":{"self":[{"href":"http:\/\/www.orjinalmuhendislik.com\/en\/wp-json\/wp\/v2\/pages\/15","targetHints":{"allow":["GET"]}}],"collection":[{"href":"http:\/\/www.orjinalmuhendislik.com\/en\/wp-json\/wp\/v2\/pages"}],"about":[{"href":"http:\/\/www.orjinalmuhendislik.com\/en\/wp-json\/wp\/v2\/types\/page"}],"author":[{"embeddable":true,"href":"http:\/\/www.orjinalmuhendislik.com\/en\/wp-json\/wp\/v2\/users\/1"}],"replies":[{"embeddable":true,"href":"http:\/\/www.orjinalmuhendislik.com\/en\/wp-json\/wp\/v2\/comments?post=15"}],"version-history":[{"count":166,"href":"http:\/\/www.orjinalmuhendislik.com\/en\/wp-json\/wp\/v2\/pages\/15\/revisions"}],"predecessor-version":[{"id":1746,"href":"http:\/\/www.orjinalmuhendislik.com\/en\/wp-json\/wp\/v2\/pages\/15\/revisions\/1746"}],"wp:attachment":[{"href":"http:\/\/www.orjinalmuhendislik.com\/en\/wp-json\/wp\/v2\/media?parent=15"}],"curies":[{"name":"wp","href":"https:\/\/api.w.org\/{rel}","templated":true}]}}